{"id":111,"date":"2016-06-12T20:40:46","date_gmt":"2016-06-12T20:40:46","guid":{"rendered":"http:\/\/conter.gov.br\/transparencia\/?page_id=111"},"modified":"2017-06-28T00:05:01","modified_gmt":"2017-06-28T00:05:01","slug":"acordos-de-cooperacao","status":"publish","type":"page","link":"http:\/\/www.crtrsc.com.br\/transparencia\/acordos-de-cooperacao\/","title":{"rendered":"ACORDOS DE COOPERA\u00c7\u00c3O"},"content":{"rendered":"<p><strong><a href=\"http:\/\/www.crtrsc.com.br\/transparencia\/wp-content\/uploads\/2016\/06\/digitalizar0055.pdf\">ABENDI X CONTER &#8211; 2016<\/a><\/strong><\/p>\n<hr \/>\n<p><strong><a href=\"http:\/\/www.crtrsc.com.br\/transparencia\/wp-content\/uploads\/2016\/06\/Funda\u00e7\u00e3o-do-C\u00e2ncer-2016.pdf\">Funda\u00e7\u00e3o do C\u00e2ncer &#8211; 2016<\/a><\/strong><\/p>\n<hr \/>\n<p><strong><a href=\"http:\/\/www.crtrsc.com.br\/transparencia\/wp-content\/uploads\/2016\/06\/Santa-Casa-2015.pdf\">Santa Casa &#8211; 2015<\/a><\/strong><\/p>\n","protected":false},"excerpt":{"rendered":"<p>ABENDI X CONTER &#8211; 2016 Funda\u00e7\u00e3o do C\u00e2ncer &#8211; 2016 Santa Casa &#8211; 2015<\/p>\n","protected":false},"author":1,"featured_media":0,"parent":0,"menu_order":0,"comment_status":"closed","ping_status":"closed","template":"","meta":[],"_links":{"self":[{"href":"http:\/\/www.crtrsc.com.br\/transparencia\/wp-json\/wp\/v2\/pages\/111"}],"collection":[{"href":"http:\/\/www.crtrsc.com.br\/transparencia\/wp-json\/wp\/v2\/pages"}],"about":[{"href":"http:\/\/www.crtrsc.com.br\/transparencia\/wp-json\/wp\/v2\/types\/page"}],"author":[{"embeddable":true,"href":"http:\/\/www.crtrsc.com.br\/transparencia\/wp-json\/wp\/v2\/users\/1"}],"replies":[{"embeddable":true,"href":"http:\/\/www.crtrsc.com.br\/transparencia\/wp-json\/wp\/v2\/comments?post=111"}],"version-history":[{"count":6,"href":"http:\/\/www.crtrsc.com.br\/transparencia\/wp-json\/wp\/v2\/pages\/111\/revisions"}],"predecessor-version":[{"id":2070,"href":"http:\/\/www.crtrsc.com.br\/transparencia\/wp-json\/wp\/v2\/pages\/111\/revisions\/2070"}],"wp:attachment":[{"href":"http:\/\/www.crtrsc.com.br\/transparencia\/wp-json\/wp\/v2\/media?parent=111"}],"curies":[{"name":"wp","href":"https:\/\/api.w.org\/{rel}","templated":true}]}}