{"id":125,"date":"2016-06-12T20:48:09","date_gmt":"2016-06-12T20:48:09","guid":{"rendered":"http:\/\/conter.gov.br\/transparencia\/?page_id=125"},"modified":"2023-04-09T23:18:59","modified_gmt":"2023-04-09T23:18:59","slug":"previsao-orcamentaria","status":"publish","type":"page","link":"http:\/\/www.crtrsc.com.br\/transparencia\/previsao-orcamentaria\/","title":{"rendered":"PROPOSTA OR\u00c7AMENT\u00c1RIA"},"content":{"rendered":"\r\n<div class=\"wp-block-file\"><a href=\"http:\/\/www.crtrsc.com.br\/transparencia\/wp-content\/uploads\/2019\/06\/PROPOSTA-OR\u00c7AMENT\u00c1RIA-2017.pdf\">PROPOSTA OR\u00c7AMENT\u00c1RIA 2017<\/a><\/div>\r\n\r\n\r\n\r\n<div class=\"wp-block-file\"><a href=\"http:\/\/www.crtrsc.com.br\/transparencia\/wp-content\/uploads\/2019\/06\/PROPOSTA-OR\u00c7AMENT\u00c1RIA-2018.pdf\">PROPOSTA OR\u00c7AMENT\u00c1RIA 2018<\/a><\/div>\r\n\r\n\r\n\r\n<div class=\"wp-block-file\"><a href=\"http:\/\/www.crtrsc.com.br\/transparencia\/wp-content\/uploads\/2019\/06\/PROPOSTA-OR\u00c7AMENT\u00c1RIA-2019.pdf\">PROPOSTA OR\u00c7AMENT\u00c1RIA 2019<\/a><\/div>\r\n\r\n\r\n\r\n<div class=\"wp-block-file\"><a href=\"http:\/\/www.crtrsc.com.br\/transparencia\/wp-content\/uploads\/2021\/01\/PROPOSTA-OR\u00c7AMENT\u00c1RIA-2020.pdf\">PROPOSTA OR\u00c7AMENT\u00c1RIA 2020<\/a><\/div>\r\n\r\n\r\n\r\n<div class=\"wp-block-file\"><a href=\"http:\/\/www.crtrsc.com.br\/transparencia\/wp-content\/uploads\/2020\/09\/PROPOSTA-OR\u00c7AMENT\u00c1RIA-2021.pdf\">PROPOSTA OR\u00c7AMENT\u00c1RIA 2021<\/a><\/div>\r\n\r\n\r\n\r\n<p><a href=\"http:\/\/www.crtrsc.com.br\/transparencia\/wp-content\/uploads\/2023\/04\/PROPOSTA-OR\u00c7AMET\u00c1RIA-2022.pdf\">PROPOSTA OR\u00c7AMET\u00c1RIA 2022 <\/a><\/p>\r\n<p><a href=\"http:\/\/www.crtrsc.com.br\/transparencia\/wp-content\/uploads\/2023\/04\/PROPOSTA-OR\u00c7AMENT\u00c1RIA-2023-1.pdf\">PROPOSTA OR\u00c7AMENT\u00c1RIA 2023<\/a><\/p>\r\n","protected":false},"excerpt":{"rendered":"<p>PROPOSTA OR\u00c7AMET\u00c1RIA 2022 PROPOSTA OR\u00c7AMENT\u00c1RIA 2023<\/p>\n","protected":false},"author":1,"featured_media":0,"parent":0,"menu_order":0,"comment_status":"closed","ping_status":"closed","template":"","meta":[],"_links":{"self":[{"href":"http:\/\/www.crtrsc.com.br\/transparencia\/wp-json\/wp\/v2\/pages\/125"}],"collection":[{"href":"http:\/\/www.crtrsc.com.br\/transparencia\/wp-json\/wp\/v2\/pages"}],"about":[{"href":"http:\/\/www.crtrsc.com.br\/transparencia\/wp-json\/wp\/v2\/types\/page"}],"author":[{"embeddable":true,"href":"http:\/\/www.crtrsc.com.br\/transparencia\/wp-json\/wp\/v2\/users\/1"}],"replies":[{"embeddable":true,"href":"http:\/\/www.crtrsc.com.br\/transparencia\/wp-json\/wp\/v2\/comments?post=125"}],"version-history":[{"count":22,"href":"http:\/\/www.crtrsc.com.br\/transparencia\/wp-json\/wp\/v2\/pages\/125\/revisions"}],"predecessor-version":[{"id":3735,"href":"http:\/\/www.crtrsc.com.br\/transparencia\/wp-json\/wp\/v2\/pages\/125\/revisions\/3735"}],"wp:attachment":[{"href":"http:\/\/www.crtrsc.com.br\/transparencia\/wp-json\/wp\/v2\/media?parent=125"}],"curies":[{"name":"wp","href":"https:\/\/api.w.org\/{rel}","templated":true}]}}