{"id":170,"date":"2016-06-13T22:45:11","date_gmt":"2016-06-13T22:45:11","guid":{"rendered":"http:\/\/conter.gov.br\/transparencia\/?page_id=170"},"modified":"2023-04-11T18:27:49","modified_gmt":"2023-04-11T18:27:49","slug":"diarias-e-deslocamentos","status":"publish","type":"page","link":"http:\/\/www.crtrsc.com.br\/transparencia\/diarias-e-deslocamentos\/","title":{"rendered":"DI\u00c1RIAS E DESLOCAMENTOS"},"content":{"rendered":"\r\n<div class=\"wp-block-file\"><a href=\"http:\/\/www.crtrsc.com.br\/transparencia\/wp-content\/uploads\/2020\/03\/RAZ\u00c3O-DI\u00c1RIAS-2018.pdf\"> Relat\u00f3rio anual &#8211; 2018<\/a><\/div>\r\n\r\n\r\n\r\n<div class=\"wp-block-file\"><a href=\"http:\/\/www.crtrsc.com.br\/transparencia\/wp-content\/uploads\/2020\/01\/RAZ\u00c3O-DI\u00c1RIAS-2019.pdf\"> Relat\u00f3rio anual &#8211; 2019<\/a><\/div>\r\n\r\n\r\n\r\n<div class=\"wp-block-file\"><a href=\"http:\/\/www.crtrsc.com.br\/transparencia\/wp-content\/uploads\/2021\/01\/DI\u00c1RIAS-2020.pdf\">Relat\u00f3rio anual &#8211; 2020<\/a><\/div>\r\n\r\n\r\n\r\n<p><a href=\"http:\/\/www.crtrsc.com.br\/transparencia\/wp-content\/uploads\/2023\/04\/RAZ\u00c3O-DI\u00c1RIAS-CONSELHEIROS-2021.pdf\">Relat\u00f3rio anual &#8211; 2021<\/a><\/p>\r\n<p><a href=\"http:\/\/www.crtrsc.com.br\/transparencia\/wp-content\/uploads\/2023\/04\/RAZ\u00c3O-DI\u00c1RIAS-CONSELHEIROS-2021-1.pdf\">DI\u00c1RIAS CONSELHEIROS 2021<\/a><\/p>\r\n<p><a href=\"http:\/\/www.crtrsc.com.br\/transparencia\/wp-content\/uploads\/2023\/04\/RAZ\u00c3O-DIRIAS-FISCALIZA\u00c7\u00c3O-2021-1.pdf\">DI\u00c1RIA<\/a><a href=\"http:\/\/www.crtrsc.com.br\/transparencia\/wp-content\/uploads\/2023\/04\/RAZ\u00c3O-DIRIAS-FISCALIZA\u00c7\u00c3O-2021-1.pdf\">S FISCALIZA\u00c7\u00c3O 2021<\/a><\/p>\r\n<p><a href=\"http:\/\/www.crtrsc.com.br\/transparencia\/wp-content\/uploads\/2023\/04\/RAZ\u00c3O-DI\u00c1RIAS-SERVIDORES-2022.pdf\">Relat\u00f3rio anual &#8211; 2022<\/a><\/p>\r\n<p><a href=\"http:\/\/www.crtrsc.com.br\/transparencia\/wp-content\/uploads\/2023\/04\/RAZ\u00c3O-DI\u00c1RIAS-SERVIDORES-2022-1.pdf\">DI\u00c1RIAS SERVIDORES 2022<\/a><\/p>\r\n<p><a href=\"http:\/\/www.crtrsc.com.br\/transparencia\/wp-content\/uploads\/2023\/04\/RELA\u00c7\u00c3O-DI\u00c1RIAS-CONSELHEIROS-JAN-FEV-2023.pdf\">DI\u00c1RIAS DIRETORIA JAN-FEV-2023<\/a><\/p>\r\n<p><a href=\"http:\/\/www.crtrsc.com.br\/transparencia\/wp-content\/uploads\/2023\/04\/RAZ\u00c3O-DI\u00c1RIAS-DE-FISCALIZA\u00c7\u00c3O-JAN-FEV-2023.pdf\">DI\u00c1RIAS DE FISCALIZA\u00c7\u00c3O JAN-FEV-2023<\/a><\/p>\r\n<p>&nbsp;<\/p>\r\n","protected":false},"excerpt":{"rendered":"<p>Relat\u00f3rio anual &#8211; 2021 DI\u00c1RIAS CONSELHEIROS 2021 DI\u00c1RIAS FISCALIZA\u00c7\u00c3O 2021 Relat\u00f3rio anual &#8211; 2022 DI\u00c1RIAS SERVIDORES 2022 DI\u00c1RIAS DIRETORIA JAN-FEV-2023 DI\u00c1RIAS DE FISCALIZA\u00c7\u00c3O JAN-FEV-2023 &nbsp;<\/p>\n","protected":false},"author":1,"featured_media":0,"parent":0,"menu_order":0,"comment_status":"closed","ping_status":"closed","template":"","meta":[],"_links":{"self":[{"href":"http:\/\/www.crtrsc.com.br\/transparencia\/wp-json\/wp\/v2\/pages\/170"}],"collection":[{"href":"http:\/\/www.crtrsc.com.br\/transparencia\/wp-json\/wp\/v2\/pages"}],"about":[{"href":"http:\/\/www.crtrsc.com.br\/transparencia\/wp-json\/wp\/v2\/types\/page"}],"author":[{"embeddable":true,"href":"http:\/\/www.crtrsc.com.br\/transparencia\/wp-json\/wp\/v2\/users\/1"}],"replies":[{"embeddable":true,"href":"http:\/\/www.crtrsc.com.br\/transparencia\/wp-json\/wp\/v2\/comments?post=170"}],"version-history":[{"count":31,"href":"http:\/\/www.crtrsc.com.br\/transparencia\/wp-json\/wp\/v2\/pages\/170\/revisions"}],"predecessor-version":[{"id":3744,"href":"http:\/\/www.crtrsc.com.br\/transparencia\/wp-json\/wp\/v2\/pages\/170\/revisions\/3744"}],"wp:attachment":[{"href":"http:\/\/www.crtrsc.com.br\/transparencia\/wp-json\/wp\/v2\/media?parent=170"}],"curies":[{"name":"wp","href":"https:\/\/api.w.org\/{rel}","templated":true}]}}