{"id":187,"date":"2016-06-13T22:49:10","date_gmt":"2016-06-13T22:49:10","guid":{"rendered":"http:\/\/conter.gov.br\/transparencia\/?page_id=187"},"modified":"2021-04-19T11:33:09","modified_gmt":"2021-04-19T11:33:09","slug":"plano-de-cargos-e-salarios","status":"publish","type":"page","link":"http:\/\/www.crtrsc.com.br\/transparencia\/plano-de-cargos-e-salarios\/","title":{"rendered":"PLANO DE CARGOS E SAL\u00c1RIOS"},"content":{"rendered":"\n<div class=\"wp-block-file\"><a href=\"http:\/\/www.crtrsc.com.br\/transparencia\/wp-content\/uploads\/2021\/04\/PORTARIA-N\u00ba-4-DE-29-DE-MAR\u00c7O-DE-2021-PUBLICA\u00c7\u00c3O.pdf\">PORTARIA N\u00ba 4, DE 29 DE MAR\u00c7O DE 2021 <\/a><a href=\"http:\/\/www.crtrsc.com.br\/transparencia\/wp-content\/uploads\/2021\/04\/PORTARIA-N\u00ba-4-DE-29-DE-MAR\u00c7O-DE-2021-PUBLICA\u00c7\u00c3O.pdf\" class=\"wp-block-file__button\" download>Baixar<\/a><\/div>\n","protected":false},"excerpt":{"rendered":"","protected":false},"author":1,"featured_media":0,"parent":0,"menu_order":0,"comment_status":"closed","ping_status":"closed","template":"","meta":[],"_links":{"self":[{"href":"http:\/\/www.crtrsc.com.br\/transparencia\/wp-json\/wp\/v2\/pages\/187"}],"collection":[{"href":"http:\/\/www.crtrsc.com.br\/transparencia\/wp-json\/wp\/v2\/pages"}],"about":[{"href":"http:\/\/www.crtrsc.com.br\/transparencia\/wp-json\/wp\/v2\/types\/page"}],"author":[{"embeddable":true,"href":"http:\/\/www.crtrsc.com.br\/transparencia\/wp-json\/wp\/v2\/users\/1"}],"replies":[{"embeddable":true,"href":"http:\/\/www.crtrsc.com.br\/transparencia\/wp-json\/wp\/v2\/comments?post=187"}],"version-history":[{"count":11,"href":"http:\/\/www.crtrsc.com.br\/transparencia\/wp-json\/wp\/v2\/pages\/187\/revisions"}],"predecessor-version":[{"id":3616,"href":"http:\/\/www.crtrsc.com.br\/transparencia\/wp-json\/wp\/v2\/pages\/187\/revisions\/3616"}],"wp:attachment":[{"href":"http:\/\/www.crtrsc.com.br\/transparencia\/wp-json\/wp\/v2\/media?parent=187"}],"curies":[{"name":"wp","href":"https:\/\/api.w.org\/{rel}","templated":true}]}}