{"id":193,"date":"2016-06-13T22:49:51","date_gmt":"2016-06-13T22:49:51","guid":{"rendered":"http:\/\/conter.gov.br\/transparencia\/?page_id=193"},"modified":"2023-04-03T18:39:52","modified_gmt":"2023-04-03T18:39:52","slug":"concurso-publico","status":"publish","type":"page","link":"http:\/\/www.crtrsc.com.br\/transparencia\/concurso-publico\/","title":{"rendered":"CONCURSO P\u00daBLICO"},"content":{"rendered":"<p><strong>2017<\/strong><\/p>\r\n<p><strong>&#8211;<a href=\"http:\/\/www.quadrix.org.br\/web\/visualizar.html?file=http:\/\/www.quadrix.org.br\/Archives\/General\/16679\/17391\/17401\/5D43BB128786\/5_CONTER_edital_normativo.pdf\">Edital<\/a><\/strong><a href=\"http:\/\/www.quadrix.org.br\/web\/visualizar.html?file=http:\/\/www.quadrix.org.br\/Archives\/General\/16679\/17391\/17401\/5D43BB128786\/5_CONTER_edital_normativo.pdf\"> 1\/2017<\/a><\/p>\r\n\r\n<h2 class=\"wp-block-heading\">Convoca\u00e7\u00f5es<\/h2>\r\n\r\n\r\n\r\n<table class=\"wp-block-table\" style=\"height: 916px; width: 625px;\">\r\n<tbody>\r\n<tr style=\"height: 56px;\">\r\n<td style=\"height: 56px; width: 117.578px;\"><strong>Aux. Administrativo<\/strong><\/td>\r\n<td style=\"height: 56px; width: 484.422px;\"><br \/><strong>Ampla Concorr\u00eancia <\/strong><\/td>\r\n<\/tr>\r\n<tr style=\"height: 28px;\">\r\n<td style=\"height: 28px; width: 117.578px;\">1\u00ba Tatiana Ricardo<\/td>\r\n<td style=\"height: 28px; width: 484.422px;\">Di\u00e1rio Oficial Edi\u00e7\u00e3o: 81 Se\u00e7\u00e3o: 3 P\u00e1gina: 197 &#8211; Solicitou Demiss\u00e3o em Agosto\/21<\/td>\r\n<\/tr>\r\n<tr style=\"height: 28px;\">\r\n<td style=\"height: 28px; width: 117.578px;\">2\u00ba Kaun Ferreira<\/td>\r\n<td style=\"height: 28px; width: 484.422px;\">Abdicou da vaga<\/td>\r\n<\/tr>\r\n<tr style=\"height: 28px;\">\r\n<td style=\"height: 28px; width: 117.578px;\">3\u00ba Camilla Lopes de Souza<\/td>\r\n<td style=\"height: 28px; width: 484.422px;\">Abdicou da vaga<\/td>\r\n<\/tr>\r\n<tr style=\"height: 56px;\">\r\n<td style=\"height: 56px; width: 117.578px;\">4\u00ba Priscila da Silva Weber<\/td>\r\n<td style=\"height: 56px; width: 484.422px;\">Di\u00e1rio Oficial\u00a0\u00a0Edi\u00e7\u00e3o: 111 | Se\u00e7\u00e3o: 3 | P\u00e1gina: 162 &#8211; Solicitou Demiss\u00e3o em Agosto\/18<\/td>\r\n<\/tr>\r\n<tr style=\"height: 28px;\">\r\n<td style=\"height: 28px; width: 117.578px;\">5\u00ba Ana Silvia Scheibe<\/td>\r\n<td style=\"height: 28px; width: 484.422px;\">Abdicou da vaga<\/td>\r\n<\/tr>\r\n<tr style=\"height: 56px;\">\r\n<td style=\"height: 56px; width: 117.578px;\">6\u00ba Olivia Maria Guedin Fagundes Paula<\/td>\r\n<td style=\"height: 56px; width: 484.422px;\">Di\u00e1rio Oficial\u00a0\u00a0Edi\u00e7\u00e3o: 241| Se\u00e7\u00e3o: 3 | P\u00e1gina: 159 &#8211; Solicitou demiss\u00e3o em Julho\/19<\/td>\r\n<\/tr>\r\n<tr style=\"height: 56px;\">\r\n<td style=\"height: 56px; width: 117.578px;\">7\u00ba Mateus Pamplona<\/td>\r\n<td style=\"height: 56px; width: 484.422px;\">Di\u00e1rio Oficial\u00a0\u00a0Edi\u00e7\u00e3o: 241| Se\u00e7\u00e3o: 3 | P\u00e1gina: 159 &#8211; Solicitou Demiss\u00e3o em Agosto\/19<\/td>\r\n<\/tr>\r\n<tr style=\"height: 28px;\">\r\n<td style=\"height: 28px; width: 117.578px;\">8\u00ba Suelen Dildey Schmitz<\/td>\r\n<td style=\"height: 28px; width: 484.422px;\">Abdicou da vaga<\/td>\r\n<\/tr>\r\n<tr style=\"height: 28px;\">\r\n<td style=\"height: 28px; width: 117.578px;\">9\u00ba Ian Costa<\/td>\r\n<td style=\"height: 28px; width: 484.422px;\">Convocado em 28\/05\/2019-Abdicou da vaga<\/td>\r\n<\/tr>\r\n<tr style=\"height: 84px;\">\r\n<td style=\"height: 84px; width: 117.578px;\">10\u00baDiogo Costa Pompeu<\/td>\r\n<td style=\"height: 84px; width: 484.422px;\"><br \/>Di\u00e1rio Oficial Edi\u00e7\u00e3o: 132| Se\u00e7\u00e3o 3| P\u00e1gina: 121 Solicitou Demiss\u00e3o em Agosto\/20<\/td>\r\n<\/tr>\r\n<tr style=\"height: 80px;\">\r\n<td style=\"height: 80px; width: 117.578px;\">11\u00baLuiz Gabriel Pereira<\/td>\r\n<td style=\"height: 80px; width: 484.422px;\">\r\n<p>Convocado dia 28\/08\/2019 Di\u00e1rio Oficial Edi\u00e7\u00e3o: 181 | Se\u00e7\u00e3o: 3 | P\u00e1gina: 151<\/p>\r\n<\/td>\r\n<\/tr>\r\n<tr style=\"height: 52px;\">\r\n<td style=\"height: 52px; width: 117.578px;\">12\u00ba ALINE DA ROCHA<\/td>\r\n<td style=\"height: 52px; width: 484.422px;\">\r\n<p>Convocada dia 04\/08\/21 &#8211; Abdicou da vaga<\/p>\r\n<\/td>\r\n<\/tr>\r\n<tr style=\"height: 56px;\">\r\n<td style=\"height: 56px; width: 117.578px;\">13\u00b0 PABLO DOS SANTOS AMARAL<\/td>\r\n<td style=\"height: 56px; width: 484.422px;\">\r\n<p>Convocado dia 11\/08\/21<\/p>\r\n<\/td>\r\n<\/tr>\r\n<tr style=\"height: 28px;\">\r\n<td style=\"height: 28px; width: 117.578px;\">14\u00b0 colocado \u2013 ITALO LISBOA<\/td>\r\n<td style=\"height: 28px; width: 484.422px;\">\u00a0Convocado dia 13\/01\/22 \u2013\u00a0Abdicou da vaga<\/td>\r\n<\/tr>\r\n<tr style=\"height: 28px;\">\r\n<td style=\"height: 28px; width: 117.578px;\">15\u00b0 colocado \u2013 JOYCE ELIAS DA SILVA SOUZA<\/td>\r\n<td style=\"height: 28px; width: 484.422px;\">\u00a0Convocada dia 13\/01\/22 \u2013\u00a0Abdicou da vaga<\/td>\r\n<\/tr>\r\n<tr style=\"height: 28px;\">\r\n<td style=\"height: 28px; width: 117.578px;\">16\u00b0 colocado \u2013 HELENA PAUPITZ RACHADEL<\/td>\r\n<td style=\"height: 28px; width: 484.422px;\">Convocada dia 21\/01\/22 \u2013\u00a0Abdicou da vaga<\/td>\r\n<\/tr>\r\n<tr style=\"height: 28px;\">\r\n<td style=\"height: 28px; width: 117.578px;\">17\u00b0 colocado \u2013 HENRIQUE ALVES RODRIGUES<\/td>\r\n<td style=\"height: 28px; width: 484.422px;\">Convocado dia 24\/01\/22 \u2013\u00a0CANDIDATO N\u00c3O LOCALIZADO<\/td>\r\n<\/tr>\r\n<tr style=\"height: 28px;\">\r\n<td style=\"height: 28px; width: 117.578px;\">18\u00b0 colocado \u2013 JEAN CARLOS DOS SANTOS KRUPEK\u00a0<\/td>\r\n<td style=\"height: 28px; width: 484.422px;\">Convocado dia 24\/01\/22 \u2013 ASSUMIU 07\/02\/22<\/td>\r\n<\/tr>\r\n<tr style=\"height: 28px;\">\r\n<td style=\"height: 28px; width: 117.578px;\">19\u00b0 colocado \u2013 FERNANDO PEREIRA FURTADO<\/td>\r\n<td style=\"height: 28px; width: 484.422px;\">Convocado dia 28\/01\/22 \u2013 CANDIDATO N\u00c3O LOCALIZADO<\/td>\r\n<\/tr>\r\n<tr style=\"height: 28px;\">\r\n<td style=\"height: 28px; width: 117.578px;\">20\u00b0 colocado \u2013 ALEXSANDRO FERNANDES DE OLIVEIRA<\/td>\r\n<td style=\"height: 28px; width: 484.422px;\">\u00a0Convocado dia 02\/02\/22 \u2013 CANDIDATO N\u00c3O LOCALIZADO<\/td>\r\n<\/tr>\r\n<tr style=\"height: 56px;\">\r\n<td style=\"height: 56px; width: 117.578px;\">21\u00b0 colocado -ANDREA IOLANDA DA SILVA LEMOS<\/td>\r\n<td style=\"height: 56px; width: 484.422px;\">Convocada dia 02\/02\/22 \u2013\u00a0Abdicou da vaga<\/td>\r\n<\/tr>\r\n<\/tbody>\r\n<\/table>\r\n<table class=\"wp-block-table\" style=\"height: 178px;\">\r\n<tbody>\r\n<tr style=\"height: 28px;\">\r\n<td style=\"height: 28px; width: 118.203px;\">22\u00b0 colocado -ADRIANO SILVEIRA SILVA<\/td>\r\n<td style=\"height: 28px; width: 462.797px;\">Convocado dia 18\/02\/22 \u2013\u00a0Posse dia 23\/02<\/td>\r\n<\/tr>\r\n<tr style=\"height: 28px;\">\r\n<td style=\"height: 28px; width: 118.203px;\"><strong>COTA PPP<\/strong><\/td>\r\n<td style=\"height: 28px; width: 462.797px;\">\u00a0<\/td>\r\n<\/tr>\r\n<tr style=\"height: 28px;\">\r\n<td style=\"height: 28px; width: 118.203px;\">1\u00b0 colocado \u2013 Leandro Dami\u00e3o Viana<\/td>\r\n<td style=\"height: 28px; width: 462.797px;\">Abdicou da vaga<\/td>\r\n<\/tr>\r\n<tr style=\"height: 28px;\">\r\n<td style=\"height: 28px; width: 118.203px;\">2\u00b0 colocado \u2013\u00a0\u00a0Danilo Rog\u00e9rio Martins\u00a0<\/td>\r\n<td style=\"height: 28px; width: 462.797px;\">Abdicou da vaga<\/td>\r\n<\/tr>\r\n<tr style=\"height: 28px;\">\r\n<td style=\"height: 28px; width: 118.203px;\">3\u00ba colocada &#8211; \u00a0Idayane Trindade Gon\u00e7alves<\/td>\r\n<td style=\"height: 28px; width: 462.797px;\">Abdicou da vaga<\/td>\r\n<\/tr>\r\n<tr style=\"height: 28px;\">\r\n<td style=\"height: 28px; width: 118.203px;\"><strong>Cota PCD<\/strong><\/td>\r\n<td style=\"height: 28px; width: 462.797px;\">\u00a0<\/td>\r\n<\/tr>\r\n<tr style=\"height: 56px;\">\r\n<td style=\"height: 10px; width: 118.203px;\">1\u00b0 colocado \u2013 Jose Roberto Caeiro Pinto<\/td>\r\n<td style=\"height: 10px; width: 462.797px;\">Abdicou da vaga<\/td>\r\n<\/tr>\r\n<\/tbody>\r\n<\/table>\r\n<p><\/p>\r\n<p><strong>AGENTE FICAL<\/strong><\/p>\r\n<p>1\u00b0 colocado \u2013\u00a0BRUNA JESSICA PISKE SCHROEDER\u00a0\u2013\u00a0Di\u00e1rio Oficial\u00a0\u00a0Edi\u00e7\u00e3o: 37| Se\u00e7\u00e3o: 3 | P\u00e1gina: 122- Solicitou Demiss\u00e3o em 09\/2020<\/p>\r\n<p>2\u00b0 colocado \u2013 FELIPE BACCIN MONN\u00a0\u2013\u00a0CONVOCADO 17\/01\/2022 \u2013\u00a0Abdicou da vaga<\/p>\r\n<p>3\u00b0 colocado \u2013 LUIZA MARINHO RILA\u00a0\u2013\u00a0CONVOCADA 28\/01\/2022 \u2013\u00a0Abdicou da vaga<\/p>\r\n<p>4\u00b0 colocado \u2013 MARCO ANTONIO BERTONCINI ANDRADE\u00a0\u2013\u00a0CONVOCADO 02\/02\/2022 \u2013\u00a0Abdicou da vaga<\/p>\r\n<p>5\u00b0 colocado \u2013 kAMILA PAMELA CASTRO DOS SANTOS\u00a0\u2013\u00a0CONVOCADA\u00a0 18\/02\/2022 \u2013\u00a0Abdicou da vaga<\/p>\r\n<p>6\u00b0 colocado \u2013 ROMULO JAIME MIRANDA\u2013\u00a0CONVOCADO\u00a0 18\/02\/2022 \u2013\u00a0Abdicou da vaga<\/p>\r\n<p>7\u00b0 colocado \u2013 IARA DOS SANTOS FERNADEZ\u2013\u00a0CONVOCADA\u00a0 18\/02\/2022 \u2013\u00a0DESCLASSIFICADA<\/p>\r\n<p>8\u00b0 colocado \u2013 FRANCIELE CARDOSO DE VARGAS\u2013\u00a0CONVOCADA\u00a0 18\/02\/2022 \u2013\u00a0Abdicou da vaga<\/p>\r\n<p>9\u00b0 colocado \u2013 NATALY PEREIRA ROXO\u2013\u00a0CONVOCADA\u00a0 18\/02\/2022 \u2013\u00a0Abdicou da vaga<\/p>\r\n<p>10\u00b0 colocado \u2013 DOUGLAS DANIEL MEDEIROS\u00a0 \u2013 CONVOCADO 21\/02\/2022 \u2013 Posse dia 23\/02<\/p>","protected":false},"excerpt":{"rendered":"<p>2017 &#8211;Edital 1\/2017 Convoca\u00e7\u00f5es Aux. Administrativo Ampla Concorr\u00eancia 1\u00ba Tatiana Ricardo Di\u00e1rio Oficial Edi\u00e7\u00e3o: 81 Se\u00e7\u00e3o: 3 P\u00e1gina: 197 &#8211; Solicitou Demiss\u00e3o em Agosto\/21 2\u00ba Kaun Ferreira Abdicou da vaga 3\u00ba Camilla Lopes de Souza Abdicou da vaga 4\u00ba Priscila da Silva Weber Di\u00e1rio Oficial\u00a0\u00a0Edi\u00e7\u00e3o: 111 | Se\u00e7\u00e3o: 3 | P\u00e1gina: 162 &#8211; Solicitou Demiss\u00e3o &hellip; <a href=\"http:\/\/www.crtrsc.com.br\/transparencia\/concurso-publico\/\" class=\"more-link\">Continue lendo <span class=\"screen-reader-text\">CONCURSO P\u00daBLICO<\/span> <span class=\"meta-nav\">&rarr;<\/span><\/a><\/p>\n","protected":false},"author":1,"featured_media":0,"parent":0,"menu_order":0,"comment_status":"closed","ping_status":"closed","template":"","meta":[],"_links":{"self":[{"href":"http:\/\/www.crtrsc.com.br\/transparencia\/wp-json\/wp\/v2\/pages\/193"}],"collection":[{"href":"http:\/\/www.crtrsc.com.br\/transparencia\/wp-json\/wp\/v2\/pages"}],"about":[{"href":"http:\/\/www.crtrsc.com.br\/transparencia\/wp-json\/wp\/v2\/types\/page"}],"author":[{"embeddable":true,"href":"http:\/\/www.crtrsc.com.br\/transparencia\/wp-json\/wp\/v2\/users\/1"}],"replies":[{"embeddable":true,"href":"http:\/\/www.crtrsc.com.br\/transparencia\/wp-json\/wp\/v2\/comments?post=193"}],"version-history":[{"count":24,"href":"http:\/\/www.crtrsc.com.br\/transparencia\/wp-json\/wp\/v2\/pages\/193\/revisions"}],"predecessor-version":[{"id":3685,"href":"http:\/\/www.crtrsc.com.br\/transparencia\/wp-json\/wp\/v2\/pages\/193\/revisions\/3685"}],"wp:attachment":[{"href":"http:\/\/www.crtrsc.com.br\/transparencia\/wp-json\/wp\/v2\/media?parent=193"}],"curies":[{"name":"wp","href":"https:\/\/api.w.org\/{rel}","templated":true}]}}