{"id":2,"date":"2016-06-11T18:08:08","date_gmt":"2016-06-11T18:08:08","guid":{"rendered":"http:\/\/conter.gov.br\/transparencia\/?page_id=2"},"modified":"2019-01-30T12:32:47","modified_gmt":"2019-01-30T12:32:47","slug":"pagina-exemplo","status":"publish","type":"page","link":"http:\/\/www.crtrsc.com.br\/transparencia\/pagina-exemplo\/","title":{"rendered":"HOME"},"content":{"rendered":"<h2><strong>Cidad\u00e3o: acesse, conhe\u00e7a e interaja com o CRTR 11\u00aa &#8211; Conselho Regional dos T\u00e9cnicos em Radiologia de Santa Catarina<br \/>\n<\/strong><\/h2>\n<p>O Portal da Transpar\u00eancia do <strong>Conselho Regional de T\u00e9cnicos em Radiologia<\/strong> <strong>de Santa Catarina\u00a0<\/strong>tem a inten\u00e7\u00e3o de permitir ao cidad\u00e3o o acesso transparente e integral a informa\u00e7\u00f5es diversas sobre a autarquia federal.<\/p>\n<p>A ferramenta atende \u00e0 <a href=\"http:\/\/www.planalto.gov.br\/ccivil_03\/_ato2011-2014\/2011\/lei\/l12527.htm\">Lei n\u00ba 12.527\/2011<\/a>, denominada Lei de Acesso \u00e0 Informa\u00e7\u00e3o, que normatiza os artigos 5\u00ba e 37 da Constitui\u00e7\u00e3o Federal ao estabelecer que todas as informa\u00e7\u00f5es dispon\u00edveis em qualquer entidade p\u00fablica sejam disponibilizadas na internet, com exce\u00e7\u00e3o apenas de documentos oficialmente declarados como sigilosos.<\/p>\n<p>Os procedimentos para o cumprimento da legisla\u00e7\u00e3o s\u00e3o detalhadas no \u00e2mbito do <strong>Conselho Nacional de T\u00e9cnicos em Radiologia<\/strong> <a href=\"http:\/\/conter.gov.br\/uploads\/legislativo\/resolucaoconter022016.pdf\" target=\"_blank\" rel=\"noopener noreferrer\">pela\u00a0Resolu\u00e7\u00e3o CONTER n\u00ba 02\/2016<\/a>.<\/p>\n","protected":false},"excerpt":{"rendered":"<p>Cidad\u00e3o: acesse, conhe\u00e7a e interaja com o CRTR 11\u00aa &#8211; Conselho Regional dos T\u00e9cnicos em Radiologia de Santa Catarina O Portal da Transpar\u00eancia do Conselho Regional de T\u00e9cnicos em Radiologia de Santa Catarina\u00a0tem a inten\u00e7\u00e3o de permitir ao cidad\u00e3o o acesso transparente e integral a informa\u00e7\u00f5es diversas sobre a autarquia federal. A ferramenta atende \u00e0 &hellip; <a href=\"http:\/\/www.crtrsc.com.br\/transparencia\/pagina-exemplo\/\" class=\"more-link\">Continue lendo <span class=\"screen-reader-text\">HOME<\/span> <span class=\"meta-nav\">&rarr;<\/span><\/a><\/p>\n","protected":false},"author":1,"featured_media":0,"parent":0,"menu_order":0,"comment_status":"closed","ping_status":"closed","template":"","meta":[],"_links":{"self":[{"href":"http:\/\/www.crtrsc.com.br\/transparencia\/wp-json\/wp\/v2\/pages\/2"}],"collection":[{"href":"http:\/\/www.crtrsc.com.br\/transparencia\/wp-json\/wp\/v2\/pages"}],"about":[{"href":"http:\/\/www.crtrsc.com.br\/transparencia\/wp-json\/wp\/v2\/types\/page"}],"author":[{"embeddable":true,"href":"http:\/\/www.crtrsc.com.br\/transparencia\/wp-json\/wp\/v2\/users\/1"}],"replies":[{"embeddable":true,"href":"http:\/\/www.crtrsc.com.br\/transparencia\/wp-json\/wp\/v2\/comments?post=2"}],"version-history":[{"count":22,"href":"http:\/\/www.crtrsc.com.br\/transparencia\/wp-json\/wp\/v2\/pages\/2\/revisions"}],"predecessor-version":[{"id":3057,"href":"http:\/\/www.crtrsc.com.br\/transparencia\/wp-json\/wp\/v2\/pages\/2\/revisions\/3057"}],"wp:attachment":[{"href":"http:\/\/www.crtrsc.com.br\/transparencia\/wp-json\/wp\/v2\/media?parent=2"}],"curies":[{"name":"wp","href":"https:\/\/api.w.org\/{rel}","templated":true}]}}