{"id":208,"date":"2016-06-13T23:02:55","date_gmt":"2016-06-13T23:02:55","guid":{"rendered":"http:\/\/conter.gov.br\/transparencia\/?page_id=208"},"modified":"2018-09-18T01:43:10","modified_gmt":"2018-09-18T01:43:10","slug":"informacoes-sigilosas","status":"publish","type":"page","link":"http:\/\/www.crtrsc.com.br\/transparencia\/informacoes-sigilosas\/","title":{"rendered":"INFORMA\u00c7\u00d5ES SIGILOSAS"},"content":{"rendered":"<p>Espa\u00e7o reservado para a divulga\u00e7\u00e3o das informa\u00e7\u00f5es classificadas nos graus de sigilo definidos no art. 24 da Lei n\u00ba. 12.527\/2011.<\/p>\n<p><em>&#8220;Art. 24.\u00a0 A informa\u00e7\u00e3o em poder dos \u00f3rg\u00e3os e entidades p\u00fablicas, observado o seu teor e em raz\u00e3o de sua imprescindibilidade \u00e0 seguran\u00e7a da sociedade ou do Estado, poder\u00e1 ser classificada como ultrassecreta, secreta ou reservada. &#8220;<\/em><\/p>\n<p>At\u00e9 o presente momento, o\u00a0Conselho Nacional de T\u00e9cnicos em Radiologia\u00a0(CONTER)\u00a0n\u00e3o tem\u00a0informa\u00e7\u00f5es classificadas nos graus de sigilo \u201csecreta\u201d, \u201cultrassecreta\u201d e \u201creservada\u201d, definidos no art. 24 da Lei n\u00ba 12.527\/2011 (Lei de Acesso \u00e0 Informa\u00e7\u00e3o).<\/p>\n<p>Caso necessite solicitar alguma informa\u00e7\u00e3o que n\u00e3o consta no site, dever\u00e1 direcionar o seu pedido clicando <strong><a href=\"http:\/\/conter.gov.br\/site\/dados_conter\" target=\"_blank\" rel=\"noopener\">aqui<\/a><\/strong>.<\/p>\n","protected":false},"excerpt":{"rendered":"<p>Espa\u00e7o reservado para a divulga\u00e7\u00e3o das informa\u00e7\u00f5es classificadas nos graus de sigilo definidos no art. 24 da Lei n\u00ba. 12.527\/2011. &#8220;Art. 24.\u00a0 A informa\u00e7\u00e3o em poder dos \u00f3rg\u00e3os e entidades p\u00fablicas, observado o seu teor e em raz\u00e3o de sua imprescindibilidade \u00e0 seguran\u00e7a da sociedade ou do Estado, poder\u00e1 ser classificada como ultrassecreta, secreta ou &hellip; <a href=\"http:\/\/www.crtrsc.com.br\/transparencia\/informacoes-sigilosas\/\" class=\"more-link\">Continue lendo <span class=\"screen-reader-text\">INFORMA\u00c7\u00d5ES SIGILOSAS<\/span> <span class=\"meta-nav\">&rarr;<\/span><\/a><\/p>\n","protected":false},"author":1,"featured_media":0,"parent":0,"menu_order":0,"comment_status":"closed","ping_status":"closed","template":"","meta":[],"_links":{"self":[{"href":"http:\/\/www.crtrsc.com.br\/transparencia\/wp-json\/wp\/v2\/pages\/208"}],"collection":[{"href":"http:\/\/www.crtrsc.com.br\/transparencia\/wp-json\/wp\/v2\/pages"}],"about":[{"href":"http:\/\/www.crtrsc.com.br\/transparencia\/wp-json\/wp\/v2\/types\/page"}],"author":[{"embeddable":true,"href":"http:\/\/www.crtrsc.com.br\/transparencia\/wp-json\/wp\/v2\/users\/1"}],"replies":[{"embeddable":true,"href":"http:\/\/www.crtrsc.com.br\/transparencia\/wp-json\/wp\/v2\/comments?post=208"}],"version-history":[{"count":6,"href":"http:\/\/www.crtrsc.com.br\/transparencia\/wp-json\/wp\/v2\/pages\/208\/revisions"}],"predecessor-version":[{"id":2959,"href":"http:\/\/www.crtrsc.com.br\/transparencia\/wp-json\/wp\/v2\/pages\/208\/revisions\/2959"}],"wp:attachment":[{"href":"http:\/\/www.crtrsc.com.br\/transparencia\/wp-json\/wp\/v2\/media?parent=208"}],"curies":[{"name":"wp","href":"https:\/\/api.w.org\/{rel}","templated":true}]}}