{"id":212,"date":"2016-06-13T23:03:19","date_gmt":"2016-06-13T23:03:19","guid":{"rendered":"http:\/\/conter.gov.br\/transparencia\/?page_id=212"},"modified":"2019-02-18T14:56:57","modified_gmt":"2019-02-18T14:56:57","slug":"e-sic","status":"publish","type":"page","link":"http:\/\/www.crtrsc.com.br\/transparencia\/e-sic\/","title":{"rendered":"E-SIC"},"content":{"rendered":"\n<table class=\"wp-block-table\"><tbody><tr><td> <br>O Conselho Regional de T\u00e9cnicos em Radiologia da 11\u00aa Regi\u00e3o torna p\u00fablico o Servi\u00e7o de Informa\u00e7\u00e3o ao Cidad\u00e3o (SIC), com o objetivo de dar transpar\u00eancia e visibilidade \u00e0s a\u00e7\u00f5es, atividades, dados e informa\u00e7\u00f5es da autarquia. Por meio da equipe respons\u00e1vel<br><a rel=\"noreferrer noopener\" href=\"http:\/\/www.crtrsc.com.br\/arquivos\/1474390195portaria-07-2016.pdf\" target=\"_blank\">Portaria CONTER n.\u00ba 07\/201<\/a>6<br>\u00a0<br><strong>Por meio do SIC, voc\u00ea pode:<\/strong><br>\u00a0<br>> Ter acesso \u00e0s informa\u00e7\u00f5es do \u00f3rg\u00e3o;<br>> Consultar o andamento de processos e documentos;<br>> Protocolar documentos e requerimentos;<br>> Encaminhar demandas aos setores respons\u00e1veis, de acordo com o grau de complexidade e compet\u00eancia.<br>\u00a0<br><strong>N\u00e3o ser\u00e3o atendidos pedidos de acesso \u00e0 informa\u00e7\u00e3o:<\/strong><br>> Gen\u00e9ricos;<br>> Desproporcionais ou desarrazoados;<br>> Com grau de sigilo reservado;<br>> Pessoal, relativa \u00e0 intimidade ou vida privada;<br>> Que exijam trabalhos adicionais de an\u00e1lise, interpreta\u00e7\u00e3o ou consolida\u00e7\u00e3o de dados e informa\u00e7\u00f5es.<br>\u00a0<br><strong>O pedido de acesso \u00e0 informa\u00e7\u00e3o dever\u00e1 conter:<\/strong><br>> Nome e telefone do requerente;<br>> N\u00famero e c\u00f3pia do documento de identifica\u00e7\u00e3o v\u00e1lido;<br>> Endere\u00e7o para o recebimento das informa\u00e7\u00f5es solicitadas;<br>> Especifica\u00e7\u00e3o, de forma clara e concisa, da informa\u00e7\u00e3o que se pretende.<br>\u00a0<br><strong>Encaminhamento:<\/strong><br>\u00a0<br>O pedido de acesso \u00e0 informa\u00e7\u00e3o pode ser encaminhado por meio eletr\u00f4nico, via e-mail\u00a0sic@crtrsc.com.br;<br>A solicita\u00e7\u00e3o tamb\u00e9m pode ser feita por meio f\u00edsico, pelo endere\u00e7o:<br>\u00a0<br>Servi\u00e7o de Informa\u00e7\u00f5es ao Cidad\u00e3o do CRTR-SC<br>Rua Conselheiro Mafra, 758 &#8211; 3\u00aa andar &#8211; Centro<br>88010-102 &#8211; Florian\u00f3polis\/SC <\/td><\/tr><\/tbody><\/table>\n","protected":false},"excerpt":{"rendered":"<p>O Conselho Regional de T\u00e9cnicos em Radiologia da 11\u00aa Regi\u00e3o torna p\u00fablico o Servi\u00e7o de Informa\u00e7\u00e3o ao Cidad\u00e3o (SIC), com o objetivo de dar transpar\u00eancia e visibilidade \u00e0s a\u00e7\u00f5es, atividades, dados e informa\u00e7\u00f5es da autarquia. Por meio da equipe respons\u00e1velPortaria CONTER n.\u00ba 07\/2016\u00a0Por meio do SIC, voc\u00ea pode:\u00a0> Ter acesso \u00e0s informa\u00e7\u00f5es do \u00f3rg\u00e3o;> Consultar &hellip; <a href=\"http:\/\/www.crtrsc.com.br\/transparencia\/e-sic\/\" class=\"more-link\">Continue lendo <span class=\"screen-reader-text\">E-SIC<\/span> <span class=\"meta-nav\">&rarr;<\/span><\/a><\/p>\n","protected":false},"author":1,"featured_media":0,"parent":0,"menu_order":0,"comment_status":"closed","ping_status":"closed","template":"","meta":[],"_links":{"self":[{"href":"http:\/\/www.crtrsc.com.br\/transparencia\/wp-json\/wp\/v2\/pages\/212"}],"collection":[{"href":"http:\/\/www.crtrsc.com.br\/transparencia\/wp-json\/wp\/v2\/pages"}],"about":[{"href":"http:\/\/www.crtrsc.com.br\/transparencia\/wp-json\/wp\/v2\/types\/page"}],"author":[{"embeddable":true,"href":"http:\/\/www.crtrsc.com.br\/transparencia\/wp-json\/wp\/v2\/users\/1"}],"replies":[{"embeddable":true,"href":"http:\/\/www.crtrsc.com.br\/transparencia\/wp-json\/wp\/v2\/comments?post=212"}],"version-history":[{"count":3,"href":"http:\/\/www.crtrsc.com.br\/transparencia\/wp-json\/wp\/v2\/pages\/212\/revisions"}],"predecessor-version":[{"id":3148,"href":"http:\/\/www.crtrsc.com.br\/transparencia\/wp-json\/wp\/v2\/pages\/212\/revisions\/3148"}],"wp:attachment":[{"href":"http:\/\/www.crtrsc.com.br\/transparencia\/wp-json\/wp\/v2\/media?parent=212"}],"curies":[{"name":"wp","href":"https:\/\/api.w.org\/{rel}","templated":true}]}}