{"id":2914,"date":"2018-08-28T20:04:42","date_gmt":"2018-08-28T20:04:42","guid":{"rendered":"http:\/\/www.crtrsc.com.br\/transparencia\/?page_id=2914"},"modified":"2023-06-07T20:44:30","modified_gmt":"2023-06-07T20:44:30","slug":"corefi","status":"publish","type":"page","link":"http:\/\/www.crtrsc.com.br\/transparencia\/corefi\/","title":{"rendered":"COREFI"},"content":{"rendered":"\r\n<div class=\"wp-block-file\"><a href=\"http:\/\/www.crtrsc.com.br\/transparencia\/wp-content\/uploads\/2019\/03\/COREFI.pdf\">Portaria N\u00ba 09 de 2017 Coordena\u00e7\u00e3o Regional de Fiscaliza\u00e7\u00e3o &#8211; COREFI 2017-2022<\/a><\/div>\r\n<div>Tr. Lucas Agostinho Beckhauser &#8211; Presidente<\/div>\r\n<div>Tr. Adriana Maria Silva da Rocha Veiga &#8211; Membro<\/div>\r\n<div>TNR. Peter K\u00fchn &#8211; Membro<\/div>\r\n<div>\u00a0<\/div>\r\n<div>\r\n<div>\u00a0<\/div>\r\n<\/div>\r\n","protected":false},"excerpt":{"rendered":"","protected":false},"author":1,"featured_media":0,"parent":0,"menu_order":0,"comment_status":"closed","ping_status":"closed","template":"","meta":[],"_links":{"self":[{"href":"http:\/\/www.crtrsc.com.br\/transparencia\/wp-json\/wp\/v2\/pages\/2914"}],"collection":[{"href":"http:\/\/www.crtrsc.com.br\/transparencia\/wp-json\/wp\/v2\/pages"}],"about":[{"href":"http:\/\/www.crtrsc.com.br\/transparencia\/wp-json\/wp\/v2\/types\/page"}],"author":[{"embeddable":true,"href":"http:\/\/www.crtrsc.com.br\/transparencia\/wp-json\/wp\/v2\/users\/1"}],"replies":[{"embeddable":true,"href":"http:\/\/www.crtrsc.com.br\/transparencia\/wp-json\/wp\/v2\/comments?post=2914"}],"version-history":[{"count":5,"href":"http:\/\/www.crtrsc.com.br\/transparencia\/wp-json\/wp\/v2\/pages\/2914\/revisions"}],"predecessor-version":[{"id":3770,"href":"http:\/\/www.crtrsc.com.br\/transparencia\/wp-json\/wp\/v2\/pages\/2914\/revisions\/3770"}],"wp:attachment":[{"href":"http:\/\/www.crtrsc.com.br\/transparencia\/wp-json\/wp\/v2\/media?parent=2914"}],"curies":[{"name":"wp","href":"https:\/\/api.w.org\/{rel}","templated":true}]}}