{"id":3322,"date":"2019-04-29T14:17:15","date_gmt":"2019-04-29T14:17:15","guid":{"rendered":"http:\/\/www.crtrsc.com.br\/transparencia\/?page_id=3322"},"modified":"2023-06-07T20:45:22","modified_gmt":"2023-06-07T20:45:22","slug":"cored","status":"publish","type":"page","link":"http:\/\/www.crtrsc.com.br\/transparencia\/cored\/","title":{"rendered":"CORED"},"content":{"rendered":"\r\n<div class=\"wp-block-file\"><a href=\"http:\/\/www.crtrsc.com.br\/transparencia\/wp-content\/uploads\/2019\/04\/PORTARIA-N\u00ba-10-Resolve-Nomear-Coordena\u00e7\u00e3o-Regional-de-Educa\u00e7\u00e3o..pdf\">Portaria N\u00ba 10 DE 2017,\u00a0 Coordena\u00e7\u00e3o Regional de Educa\u00e7\u00e3o 2017-2022<\/a><\/div>\r\n<div>TNR. ANDREA HUHN \u2013 Presidente<br \/>TR. ISMAR JOSE LEGAL\u2013 Membro<br \/>TR. LUIZ HENRIQUE NASCIMENTO DOS PASSOS \u2013 Membro<\/div>\r\n<div>\u00a0<\/div>\r\n<div>\u00a0<\/div>\r\n","protected":false},"excerpt":{"rendered":"","protected":false},"author":4,"featured_media":0,"parent":0,"menu_order":0,"comment_status":"closed","ping_status":"closed","template":"","meta":[],"_links":{"self":[{"href":"http:\/\/www.crtrsc.com.br\/transparencia\/wp-json\/wp\/v2\/pages\/3322"}],"collection":[{"href":"http:\/\/www.crtrsc.com.br\/transparencia\/wp-json\/wp\/v2\/pages"}],"about":[{"href":"http:\/\/www.crtrsc.com.br\/transparencia\/wp-json\/wp\/v2\/types\/page"}],"author":[{"embeddable":true,"href":"http:\/\/www.crtrsc.com.br\/transparencia\/wp-json\/wp\/v2\/users\/4"}],"replies":[{"embeddable":true,"href":"http:\/\/www.crtrsc.com.br\/transparencia\/wp-json\/wp\/v2\/comments?post=3322"}],"version-history":[{"count":4,"href":"http:\/\/www.crtrsc.com.br\/transparencia\/wp-json\/wp\/v2\/pages\/3322\/revisions"}],"predecessor-version":[{"id":3771,"href":"http:\/\/www.crtrsc.com.br\/transparencia\/wp-json\/wp\/v2\/pages\/3322\/revisions\/3771"}],"wp:attachment":[{"href":"http:\/\/www.crtrsc.com.br\/transparencia\/wp-json\/wp\/v2\/media?parent=3322"}],"curies":[{"name":"wp","href":"https:\/\/api.w.org\/{rel}","templated":true}]}}