{"id":3629,"date":"2021-05-05T19:24:20","date_gmt":"2021-05-05T19:24:20","guid":{"rendered":"http:\/\/www.crtrsc.com.br\/transparencia\/?page_id=3629"},"modified":"2021-08-31T03:08:59","modified_gmt":"2021-08-31T03:08:59","slug":"transparencia-e-prestacao-de-contas","status":"publish","type":"page","link":"http:\/\/www.crtrsc.com.br\/transparencia\/","title":{"rendered":"Transpar\u00eancia e Presta\u00e7\u00e3o de Contas"},"content":{"rendered":"<div class=\"panel-grid\" id=\"pg-3629-0\" ><div class=\"panel-grid-cell\" id=\"pgc-3629-0-0\" ><div class=\"panel widget widget_sow-editor panel-first-child panel-last-child\" id=\"panel-3629-0-0-0\"><div class=\"so-widget-sow-editor so-widget-sow-editor--d75171398898\">\n<div class=\"siteorigin-widget-tinymce textwidget\">\n\t<p>O Portal da Transpar\u00eancia do <strong>Conselho Regional de T\u00e9cnicos em Radiologia<\/strong> <strong>de Santa Catarina <\/strong>tem a inten\u00e7\u00e3o de permitir ao cidad\u00e3o o acesso transparente e integral a informa\u00e7\u00f5es diversas sobre a autarquia federal.<\/p>\n<\/div><\/div><\/div><\/div><\/div><div class=\"panel-grid\" id=\"pg-3629-1\" ><div class=\"panel-grid-cell\" id=\"pgc-3629-1-0\" ><div class=\"panel widget widget_sow-editor panel-first-child\" id=\"panel-3629-1-0-0\"><div class=\"so-widget-sow-editor so-widget-sow-editor--d75171398898\"><h3 class=\"widget-title\">Institucional<\/h3>\n<div class=\"siteorigin-widget-tinymce textwidget\">\n\t<ul>\n<li><a href=\"http:\/\/www.crtrsc.com.br\/transparencia\/\">Home<\/a><\/li>\n<li><a href=\"http:\/\/www.crtrsc.com.br\/transparencia\/nossa-historia\/\">Nossa Hist\u00f3ria<\/a><\/li>\n<li><a href=\"http:\/\/www.crtrsc.com.br\/transparencia\/diretoria\/\">Diretoria<\/a><\/li>\n<li><a href=\"http:\/\/www.crtrsc.com.br\/transparencia\/organograma-2\/\">Oganograma<\/a><\/li>\n<li><a href=\"http:\/\/conter.gov.br\/site\/galeria_dos_presidentes\">Galeria de Presidentes<\/a><\/li>\n<li><a href=\"http:\/\/www.crtrsc.com.br\/transparencia\/corefi\/\">Corefi<\/a><\/li>\n<li><a href=\"http:\/\/www.crtrsc.com.br\/transparencia\/cored\/\">Cored<\/a><\/li>\n<li><a href=\"http:\/\/www.crtrsc.com.br\/transparencia\/manuais\/\">Manuais<\/a><\/li>\n<li><a href=\"http:\/\/www.crtrsc.com.br\/transparencia\/atas-plenarias-ordinarias-e-extraordinarias\/\">Atas Plen\u00e1rias<\/a><\/li>\n<li><a href=\"http:\/\/www.crtrsc.com.br\/transparencia\/conselheiros-do-conter\/\">Conselheiros do Conter<\/a><\/li>\n<li><a href=\"http:\/\/contertransparencia.com.br\/estrutura-organizacional\/\">Estrutura Organizacional<\/a><\/li>\n<\/ul>\n<\/div><\/div><\/div><div class=\"panel widget widget_sow-editor\" id=\"panel-3629-1-0-1\"><div class=\"so-widget-sow-editor so-widget-sow-editor--d75171398898\"><h3 class=\"widget-title\">Auditoria<\/h3>\n<div class=\"siteorigin-widget-tinymce textwidget\">\n\t<ul>\n<li><a href=\"http:\/\/www.crtrsc.com.br\/transparencia\/relatorio-de-auditoria-interna\/\">Auditoria Interna<\/a><\/li>\n<li><a href=\"http:\/\/www.crtrsc.com.br\/transparencia\/relatorio-de-auditorias-externas\/\">Auditoria Externa<\/a><\/li>\n<\/ul>\n<\/div><\/div><\/div><div class=\"panel widget widget_sow-editor\" id=\"panel-3629-1-0-2\"><div class=\"so-widget-sow-editor so-widget-sow-editor--d75171398898\"><h3 class=\"widget-title\">Gest\u00e3o de Pessoas<\/h3>\n<div class=\"siteorigin-widget-tinymce textwidget\">\n\t<ul>\n<li><a href=\"http:\/\/www.crtrsc.com.br\/transparencia\/quadro-de-empregados\/\">Quadro de Empregados<\/a><\/li>\n<li><a href=\"http:\/\/www.crtrsc.com.br\/transparencia\/plano-de-cargos-e-salarios\/\">Plano de Cargos e Sal\u00e1rios<\/a><\/li>\n<li><a href=\"http:\/\/www.crtrsc.com.br\/transparencia\/folhas-de-pagamento\/\">Folha de Pagamento<\/a><\/li>\n<li><a href=\"http:\/\/www.crtrsc.com.br\/transparencia\/acordo-coletivo\/\">Acordo Coletivo<\/a><\/li>\n<li><a href=\"http:\/\/contertransparencia.com.br\/wp-content\/uploads\/2019\/11\/Ordem-de-Servico-Ciclo-de-Palestras-2019-II.pdf\">Ciclo de Palestra<\/a><\/li>\n<\/ul>\n<\/div><\/div><\/div><div class=\"panel widget widget_sow-editor panel-last-child\" id=\"panel-3629-1-0-3\"><div class=\"so-widget-sow-editor so-widget-sow-editor--d75171398898\"><h3 class=\"widget-title\">Concursos<\/h3>\n<div class=\"siteorigin-widget-tinymce textwidget\">\n\t<ul>\n<li><a href=\"http:\/\/www.crtrsc.com.br\/transparencia\/concurso-publico\/\">Concursos Realizados<\/a><\/li>\n<\/ul>\n<\/div><\/div><\/div><\/div><div class=\"panel-grid-cell\" id=\"pgc-3629-1-1\" ><div class=\"panel widget widget_sow-editor panel-first-child\" id=\"panel-3629-1-1-0\"><div class=\"so-widget-sow-editor so-widget-sow-editor--d75171398898\"><h3 class=\"widget-title\">Presta\u00e7\u00e3o de Contas e Relat\u00f3rios Gerenciais<\/h3>\n<div class=\"siteorigin-widget-tinymce textwidget\">\n\t<ul>\n<li><a href=\"http:\/\/www.crtrsc.com.br\/transparencia\/relatorios-de-gestao-e-prestacao-de-contas-ao-tcu-2\/\">Relat\u00f3rio de Gest\u00e3o e Presta\u00e7\u00e3o de Contas ao TCU<\/a><\/li>\n<li><a href=\"http:\/\/contertransparencia.com.br\/rol-de-responsaveis\/\">Rol de Respons\u00e1veis<\/a><\/li>\n<li><a href=\"http:\/\/www.conter.gov.br\/uploads\/legislativo\/planejamento_estrategico_conter_2019_2022.pdf\" target=\"_blank\" rel=\"noopener noreferrer\">Planejamento Estrat\u00e9gico<\/a><\/li>\n<li><a href=\"http:\/\/contertransparencia.com.br\/relatorio-de-atividades\/\">Relat\u00f3rios de Atividades<\/a><\/li>\n<li><a href=\"http:\/\/contertransparencia.com.br\/relatorio-de-auditoria-interna\/\">Comiss\u00e3o de Tomada de Contas - CTC<\/a><\/li>\n<li><a href=\"http:\/\/www.crtrsc.com.br\/transparencia\/eleicoes-3\/\">Elei\u00e7\u00f5es Regionais e Nacional<\/a><\/li>\n<li><a href=\"http:\/\/contertransparencia.com.br\/resultados-na-area-fim\/\">Resultados na \u00c1rea Fim<\/a><\/li>\n<\/ul>\n<\/div><\/div><\/div><div class=\"panel widget widget_sow-editor\" id=\"panel-3629-1-1-1\"><div class=\"so-widget-sow-editor so-widget-sow-editor--d75171398898\"><h3 class=\"widget-title\">Normas, Portarias, Regimentos e Atas de Reun\u00f5es Plen\u00e1rias<\/h3>\n<div class=\"siteorigin-widget-tinymce textwidget\">\n\t<ul>\n<li><a href=\"http:\/\/conter.gov.br\/site\/leis\">Leis<\/a><\/li>\n<li><a href=\"http:\/\/conter.gov.br\/site\/decretos\">Decretos<\/a><\/li>\n<li><a href=\"http:\/\/conter.gov.br\/site\/codigo_etico\">C\u00f3digo \u00c9tico<\/a><\/li>\n<li><a href=\"http:\/\/www.crtrsc.com.br\/transparencia\/portarias\/\">Portarias<\/a><\/li>\n<li><a href=\"http:\/\/conter.gov.br\/site\/regimentos\">Regimentos<\/a><\/li>\n<li><a href=\"http:\/\/conter.gov.br\/site\/resolucoes\">Resolu\u00e7\u00f5es<\/a><\/li>\n<li><a href=\"http:\/\/www.crtrsc.com.br\/transparencia\/acordos-de-cooperacao\/\">Acordos de Coopera\u00e7\u00e3o<\/a><\/li>\n<li><a href=\"http:\/\/contertransparencia.com.br\/wp-content\/uploads\/2018\/09\/NR32.pdf\">Normas Regulamentadoras<\/a><\/li>\n<li><a href=\"http:\/\/contertransparencia.com.br\/atas-plenarias-ordinarias-e-extraordinarias\/\">Atas de Reuni\u00f5es Plen\u00e1rias<\/a><\/li>\n<\/ul>\n<\/div><\/div><\/div><div class=\"panel widget widget_sow-editor panel-last-child\" id=\"panel-3629-1-1-2\"><div class=\"so-widget-sow-editor so-widget-sow-editor--d75171398898\"><h3 class=\"widget-title\">Profissionais da Radiologia<\/h3>\n<div class=\"siteorigin-widget-tinymce textwidget\">\n\t<ul>\n<li><a href=\"http:\/\/www.crtrsc.com.br\/transparencia\/consulta-geral\/\">Consulta Geral<\/a><\/li>\n<li><a href=\"http:\/\/www.crtrsc.com.br\/transparencia\/quantitativo-de-profissionais\/\">Quantitativo de Profissionais<\/a><\/li>\n<li><a href=\"http:\/\/www.crtrsc.com.br\/transparencia\/consulta-publica\/\">Consulta P\u00fablica<\/a><\/li>\n<\/ul>\n<\/div><\/div><\/div><\/div><div class=\"panel-grid-cell\" id=\"pgc-3629-1-2\" ><div class=\"panel widget widget_sow-editor panel-first-child\" id=\"panel-3629-1-2-0\"><div class=\"so-widget-sow-editor so-widget-sow-editor--d75171398898\"><h3 class=\"widget-title\">Or\u00e7amento e Finan\u00e7as<\/h3>\n<div class=\"siteorigin-widget-tinymce textwidget\">\n\t<ul>\n<li><a href=\"http:\/\/www.crtrsc.com.br\/transparencia\/financas\/\">Finan\u00e7as <\/a><\/li>\n<\/ul>\n<\/div><\/div><\/div><div class=\"panel widget widget_sow-editor\" id=\"panel-3629-1-2-1\"><div class=\"so-widget-sow-editor so-widget-sow-editor--d75171398898\"><h3 class=\"widget-title\">Licita\u00e7\u00f5es e Contratos<\/h3>\n<div class=\"siteorigin-widget-tinymce textwidget\">\n\t<ul>\n<li><a href=\"http:\/\/www.crtrsc.com.br\/transparencia\/licitacoes\/\">Licita\u00e7\u00f5es<\/a><\/li>\n<\/ul>\n<\/div><\/div><\/div><div class=\"panel widget widget_sow-editor\" id=\"panel-3629-1-2-2\"><div class=\"so-widget-sow-editor so-widget-sow-editor--d75171398898\"><h3 class=\"widget-title\">Fale Conosco<\/h3>\n<div class=\"siteorigin-widget-tinymce textwidget\">\n\t<ul>\n<li><a href=\"http:\/\/www.crtrsc.com.br\/transparencia\/duvidas-frequentes\/\">D\u00favidas Frequentes<\/a><\/li>\n<li><a href=\"http:\/\/www.crtrsc.com.br\/transparencia\/informacoes-sigilosas\/\">Informa\u00e7\u00f5es Sigilosas<\/a><\/li>\n<li><a href=\"http:\/\/www.crtrsc.com.br\/transparencia\/e-sic\/\">E-SIC<\/a><\/li>\n<li><a href=\"http:\/\/www.crtrsc.com.br\/transparencia\/ouvidoria\/\">Ouvidoria<\/a><\/li>\n<li><a href=\"http:\/\/www.crtrsc.com.br\/transparencia\/denuncia\/\">Den\u00fancia<\/a><\/li>\n<\/ul>\n<\/div><\/div><\/div><div class=\"panel widget widget_sow-editor panel-last-child\" id=\"panel-3629-1-2-3\"><div class=\"so-widget-sow-editor so-widget-sow-editor--d75171398898\"><h3 class=\"widget-title\">Di\u00e1rias e Viagens<\/h3>\n<div class=\"siteorigin-widget-tinymce textwidget\">\n\t<ul>\n<li><a href=\"http:\/\/www.crtrsc.com.br\/transparencia\/diarias-e-deslocamentos\/\">DI\u00c1RIAS E DESLOCAMENTOS<\/a><\/li>\n<li><a href=\"http:\/\/www.crtrsc.com.br\/transparencia\/diarias-e-deslocamentos-2014\/\">Di\u00e1rias e deslocamentos 2014<\/a><\/li>\n<li><a href=\"http:\/\/www.crtrsc.com.br\/transparencia\/diarias-e-deslocamentos-2015\/\">Di\u00e1rias e deslocamentos 2015<\/a><\/li>\n<li><a href=\"http:\/\/www.crtrsc.com.br\/transparencia\/diarias-e-deslocamentos-2016\/\">Di\u00e1rias e deslocamentos 2016<\/a><\/li>\n<li><a href=\"http:\/\/www.crtrsc.com.br\/transparencia\/viagens\/\">VIAGENS<\/a><\/li>\n<\/ul>\n<\/div><\/div><\/div><\/div><\/div>","protected":false},"excerpt":{"rendered":"<p>O Portal da Transpar\u00eancia do Conselho Regional de T\u00e9cnicos em Radiologia de Santa Catarina tem a inten\u00e7\u00e3o de permitir ao cidad\u00e3o o acesso transparente e integral a informa\u00e7\u00f5es diversas sobre a autarquia federal. Institucional Home Nossa Hist\u00f3ria Diretoria Oganograma Galeria de Presidentes Corefi Cored Manuais Atas Plen\u00e1rias Conselheiros do Conter Estrutura Organizacional Auditoria Auditoria Interna &hellip; <a href=\"http:\/\/www.crtrsc.com.br\/transparencia\/\" class=\"more-link\">Continue lendo <span class=\"screen-reader-text\">Transpar\u00eancia e Presta\u00e7\u00e3o de Contas<\/span> <span class=\"meta-nav\">&rarr;<\/span><\/a><\/p>\n","protected":false},"author":1,"featured_media":0,"parent":0,"menu_order":0,"comment_status":"closed","ping_status":"closed","template":"","meta":[],"_links":{"self":[{"href":"http:\/\/www.crtrsc.com.br\/transparencia\/wp-json\/wp\/v2\/pages\/3629"}],"collection":[{"href":"http:\/\/www.crtrsc.com.br\/transparencia\/wp-json\/wp\/v2\/pages"}],"about":[{"href":"http:\/\/www.crtrsc.com.br\/transparencia\/wp-json\/wp\/v2\/types\/page"}],"author":[{"embeddable":true,"href":"http:\/\/www.crtrsc.com.br\/transparencia\/wp-json\/wp\/v2\/users\/1"}],"replies":[{"embeddable":true,"href":"http:\/\/www.crtrsc.com.br\/transparencia\/wp-json\/wp\/v2\/comments?post=3629"}],"version-history":[{"count":28,"href":"http:\/\/www.crtrsc.com.br\/transparencia\/wp-json\/wp\/v2\/pages\/3629\/revisions"}],"predecessor-version":[{"id":3665,"href":"http:\/\/www.crtrsc.com.br\/transparencia\/wp-json\/wp\/v2\/pages\/3629\/revisions\/3665"}],"wp:attachment":[{"href":"http:\/\/www.crtrsc.com.br\/transparencia\/wp-json\/wp\/v2\/media?parent=3629"}],"curies":[{"name":"wp","href":"https:\/\/api.w.org\/{rel}","templated":true}]}}