{"id":38,"date":"2016-06-11T19:58:40","date_gmt":"2016-06-11T19:58:40","guid":{"rendered":"http:\/\/conter.gov.br\/transparencia\/?page_id=38"},"modified":"2021-01-27T13:00:01","modified_gmt":"2021-01-27T13:00:01","slug":"licitacoes","status":"publish","type":"page","link":"http:\/\/www.crtrsc.com.br\/transparencia\/licitacoes\/","title":{"rendered":"LICITA\u00c7\u00d5ES"},"content":{"rendered":"\n<h2 class=\"wp-block-heading\">2018<\/h2>\n\n\n\n<div class=\"wp-block-file\"><a href=\"http:\/\/www.crtrsc.com.br\/transparencia\/wp-content\/uploads\/2019\/03\/CONTRATO-N.002_18-fornecimento-computador.pdf\">Compra Direta. 21\/12\/2018. Aquisi\u00e7\u00e3o de Computador<\/a><a href=\"http:\/\/www.crtrsc.com.br\/transparencia\/wp-content\/uploads\/2019\/03\/CONTRATO-N.002_18-fornecimento-computador.pdf\" class=\"wp-block-file__button\" download>Baixar<\/a><\/div>\n\n\n\n<div class=\"wp-block-file\"><a href=\"http:\/\/www.crtrsc.com.br\/transparencia\/wp-content\/uploads\/2019\/03\/MINUTA-DE-CONTRATO-CRTR011-atualizada_final.pdf\">Compra Direta. 21\/12\/2018. Aquisi\u00e7\u00e3o de Programa de Software<\/a><a href=\"http:\/\/www.crtrsc.com.br\/transparencia\/wp-content\/uploads\/2019\/03\/MINUTA-DE-CONTRATO-CRTR011-atualizada_final.pdf\" class=\"wp-block-file__button\" download>Baixar<\/a><\/div>\n\n\n\n<h2 class=\"wp-block-heading\">2019<\/h2>\n\n\n\n<div class=\"wp-block-file\"><a href=\"http:\/\/www.crtrsc.com.br\/transparencia\/wp-content\/uploads\/2019\/03\/CONTRATO-CONSELHO-REGIONAL-DE-TECNICOS-EM-RADIOLOGIA-DE-SC.pdf\">Compra Direta. 25\/01\/2019. Contrata\u00e7\u00e3o de Empresa Presta\u00e7\u00e3o de Servi\u00e7os, Manuten\u00e7\u00e3o e Conserva\u00e7\u00e3o Im\u00f3vel Sede Regional <\/a><a href=\"http:\/\/www.crtrsc.com.br\/transparencia\/wp-content\/uploads\/2019\/03\/CONTRATO-CONSELHO-REGIONAL-DE-TECNICOS-EM-RADIOLOGIA-DE-SC.pdf\" class=\"wp-block-file__button\" download>Baixar<\/a><\/div>\n\n\n\n<div class=\"wp-block-file\"><a href=\"http:\/\/www.crtrsc.com.br\/transparencia\/wp-content\/uploads\/2019\/03\/CONTRATO-N\u00ba-002-aquisi\u00e7\u00e3o-rel\u00f3gio-ponto.pdf\"> <br>Compra Direta. 21\/02\/2019. Aquisi\u00e7\u00e3o de Rel\u00f3gio Ponto<\/a><a href=\"http:\/\/www.crtrsc.com.br\/transparencia\/wp-content\/uploads\/2019\/03\/CONTRATO-N\u00ba-002-aquisi\u00e7\u00e3o-rel\u00f3gio-ponto.pdf\" class=\"wp-block-file__button\" download>Baixar<\/a><\/div>\n\n\n\n<h2 class=\"wp-block-heading\">2020<\/h2>\n\n\n\n<div class=\"wp-block-file\"><a href=\"http:\/\/www.crtrsc.com.br\/transparencia\/wp-content\/uploads\/2021\/01\/termo-aditivo-publica\u00e7\u00e3o-DOU.pdf\">Contratos e processos licitat\u00f3rios &#8211; Extrato D.O.U<\/a><a href=\"http:\/\/www.crtrsc.com.br\/transparencia\/wp-content\/uploads\/2021\/01\/termo-aditivo-publica\u00e7\u00e3o-DOU.pdf\" class=\"wp-block-file__button\" download>Baixar<\/a><\/div>\n","protected":false},"excerpt":{"rendered":"<p>2018 2019 2020<\/p>\n","protected":false},"author":1,"featured_media":0,"parent":0,"menu_order":0,"comment_status":"closed","ping_status":"closed","template":"","meta":[],"_links":{"self":[{"href":"http:\/\/www.crtrsc.com.br\/transparencia\/wp-json\/wp\/v2\/pages\/38"}],"collection":[{"href":"http:\/\/www.crtrsc.com.br\/transparencia\/wp-json\/wp\/v2\/pages"}],"about":[{"href":"http:\/\/www.crtrsc.com.br\/transparencia\/wp-json\/wp\/v2\/types\/page"}],"author":[{"embeddable":true,"href":"http:\/\/www.crtrsc.com.br\/transparencia\/wp-json\/wp\/v2\/users\/1"}],"replies":[{"embeddable":true,"href":"http:\/\/www.crtrsc.com.br\/transparencia\/wp-json\/wp\/v2\/comments?post=38"}],"version-history":[{"count":42,"href":"http:\/\/www.crtrsc.com.br\/transparencia\/wp-json\/wp\/v2\/pages\/38\/revisions"}],"predecessor-version":[{"id":3611,"href":"http:\/\/www.crtrsc.com.br\/transparencia\/wp-json\/wp\/v2\/pages\/38\/revisions\/3611"}],"wp:attachment":[{"href":"http:\/\/www.crtrsc.com.br\/transparencia\/wp-json\/wp\/v2\/media?parent=38"}],"curies":[{"name":"wp","href":"https:\/\/api.w.org\/{rel}","templated":true}]}}