{"id":40,"date":"2016-06-11T19:58:55","date_gmt":"2016-06-11T19:58:55","guid":{"rendered":"http:\/\/conter.gov.br\/transparencia\/?page_id=40"},"modified":"2019-04-29T17:20:39","modified_gmt":"2019-04-29T17:20:39","slug":"viagens","status":"publish","type":"page","link":"http:\/\/www.crtrsc.com.br\/transparencia\/viagens\/","title":{"rendered":"VIAGENS"},"content":{"rendered":"<p><a href=\"http:\/\/www.crtrsc.com.br\/transparencia\/passagens-aereas\/\"><strong>Passagens A\u00e9reas<\/strong><\/a><\/p>\n<p><a href=\"http:\/\/www.crtrsc.com.br\/transparencia\/diarias-e-deslocamentos\/\"><strong>Di\u00e1rias e Deslocamentos<\/strong><\/a><\/p>\n<p><a href=\"http:\/\/www.crtrsc.com.br\/transparencia\/ressarcimento-combustivel\/\"><strong>Ressarcimento de Combust\u00edvel<\/strong><\/a><\/p>\n<p><a href=\"http:\/\/www.crtrsc.com.br\/transparencia\/auxilio-representacao\/\"><strong>Aux\u00edlio Representa\u00e7\u00e3o<\/strong><\/a><\/p>\n<p><a href=\"http:\/\/www.crtrsc.com.br\/transparencia\/jetons\/\"><strong>Jetons <\/strong><\/a><\/p>\n\n\n<p><\/p>\n","protected":false},"excerpt":{"rendered":"<p>Passagens A\u00e9reas Di\u00e1rias e Deslocamentos Ressarcimento de Combust\u00edvel Aux\u00edlio Representa\u00e7\u00e3o Jetons<\/p>\n","protected":false},"author":1,"featured_media":0,"parent":0,"menu_order":0,"comment_status":"closed","ping_status":"closed","template":"","meta":[],"_links":{"self":[{"href":"http:\/\/www.crtrsc.com.br\/transparencia\/wp-json\/wp\/v2\/pages\/40"}],"collection":[{"href":"http:\/\/www.crtrsc.com.br\/transparencia\/wp-json\/wp\/v2\/pages"}],"about":[{"href":"http:\/\/www.crtrsc.com.br\/transparencia\/wp-json\/wp\/v2\/types\/page"}],"author":[{"embeddable":true,"href":"http:\/\/www.crtrsc.com.br\/transparencia\/wp-json\/wp\/v2\/users\/1"}],"replies":[{"embeddable":true,"href":"http:\/\/www.crtrsc.com.br\/transparencia\/wp-json\/wp\/v2\/comments?post=40"}],"version-history":[{"count":5,"href":"http:\/\/www.crtrsc.com.br\/transparencia\/wp-json\/wp\/v2\/pages\/40\/revisions"}],"predecessor-version":[{"id":3342,"href":"http:\/\/www.crtrsc.com.br\/transparencia\/wp-json\/wp\/v2\/pages\/40\/revisions\/3342"}],"wp:attachment":[{"href":"http:\/\/www.crtrsc.com.br\/transparencia\/wp-json\/wp\/v2\/media?parent=40"}],"curies":[{"name":"wp","href":"https:\/\/api.w.org\/{rel}","templated":true}]}}