{"id":415,"date":"2016-07-25T17:10:21","date_gmt":"2016-07-25T17:10:21","guid":{"rendered":"http:\/\/conter.gov.br\/transparencia\/?page_id=415"},"modified":"2024-09-30T20:27:20","modified_gmt":"2024-09-30T20:27:20","slug":"portarias","status":"publish","type":"page","link":"http:\/\/www.crtrsc.com.br\/transparencia\/portarias\/","title":{"rendered":"PORTARIAS"},"content":{"rendered":"\r\n\r\n\r\n\r\n\r\n<h6 class=\"wp-block-file\"><a href=\"http:\/\/www.crtrsc.com.br\/transparencia\/wp-content\/uploads\/2021\/04\/PORTARIA-CRTR-11-02-2021.pdf\">PORTARIA N\u00b0 02-2021 REGULAMENTA\u00c7\u00c3O SOBRE PAGAMENTO DE AUX\u00cdLIOS <\/a><strong><a class=\"wp-block-file__button\" href=\"http:\/\/www.crtrsc.com.br\/transparencia\/wp-content\/uploads\/2021\/04\/PORTARIA-CRTR-11-02-2021.pdf\" download=\"\">Baixar<\/a><\/strong><\/h6>\r\n<h6>\r\n\r\n<\/h6>\r\n<h6 class=\"wp-block-file\"><a href=\"http:\/\/www.crtrsc.com.br\/transparencia\/wp-content\/uploads\/2021\/04\/PORTARIA-N\u00ba-03-2021COMISS\u00c3O-DE-LICITA\u00c7\u00c3O.pdf\">PORTARIA N\u00ba 03-2021 COMISS\u00c3O DE LICITA\u00c7\u00c3O <\/a><strong><a class=\"wp-block-file__button\" href=\"http:\/\/www.crtrsc.com.br\/transparencia\/wp-content\/uploads\/2021\/04\/PORTARIA-N\u00ba-03-2021COMISS\u00c3O-DE-LICITA\u00c7\u00c3O.pdf\" download=\"\">Baixar<\/a><\/strong><\/h6>\r\n<h6>\r\n\r\n<\/h6>\r\n<h6 class=\"wp-block-file\"><a href=\"http:\/\/www.crtrsc.com.br\/transparencia\/wp-content\/uploads\/2021\/04\/PORTARIA-N\u00ba-4-DE-29-DE-MAR\u00c7O-DE-2021-PUBLICA\u00c7\u00c3O.pdf\">PORTARIA N\u00ba 04-2021 CARGOS E ATRIBUI\u00c7\u00d5ES <\/a><strong><a class=\"wp-block-file__button\" href=\"http:\/\/www.crtrsc.com.br\/transparencia\/wp-content\/uploads\/2021\/04\/PORTARIA-N\u00ba-4-DE-29-DE-MAR\u00c7O-DE-2021-PUBLICA\u00c7\u00c3O.pdf\" download=\"\">Baixar<\/a><\/strong><\/h6>\r\n<h6><a href=\"https:\/\/www.in.gov.br\/web\/dou\/-\/portaria-conter-n-119-de-17-de-maio-de-2023-490785785\">https:\/\/www.in.gov.br\/web\/dou\/-\/portaria-conter-n-119-de-17-de-maio-de-2023-490785785 <\/a><a href=\"https:\/\/www.in.gov.br\/web\/dou\/-\/portaria-conter-n-119-de-17-de-maio-de-2023-490785785\"><strong>Baixar<\/strong><\/a><\/h6>\r\n<h6><a href=\"http:\/\/www.crtrsc.com.br\/transparencia\/wp-content\/uploads\/2024\/03\/PORTARIA-N\u00b0-45-DE-18-DE-MARCO-DE-2024-DOU-Imprensa-Nacional.pdf\">PORTARIA N\u00b0 45, DE 18 DE MAR\u00c7O DE 2024 &#8211; DOU &#8211; Imprensa Nacional <\/a><strong><a href=\"https:\/\/www.crtrsc.com.br\/transparencia\/wp-content\/uploads\/2024\/03\/PORTARIA-N%C2%B0-45-DE-18-DE-MARCO-DE-2024-DOU-Imprensa-Nacional.pdf\">Baixar<\/a><\/strong><\/h6>\r\n<h6><a href=\"http:\/\/www.crtrsc.com.br\/transparencia\/wp-content\/uploads\/2024\/04\/PORTARIA-No-1-DE-28-DE-MARCO-DE-2024-DOU-Imprensa-Naciona.pdf\">PORTARIA N\u00ba 1, DE 28 DE MAR\u00c7O DE 2024 &#8211; DOU &#8211; Imprensa Nacional <\/a><strong><a href=\"http:\/\/www.crtrsc.com.br\/transparencia\/wp-content\/uploads\/2024\/04\/PORTARIA-No-1-DE-28-DE-MARCO-DE-2024-DOU-Imprensa-Naciona.pdf\">Baixar<\/a><\/strong><\/h6>\r\n<h6><a href=\"http:\/\/www.crtrsc.com.br\/transparencia\/wp-content\/uploads\/2024\/06\/PORTARIA-No-9-2024-Comissao-PAD.pdf\">PORTARIA N\u00ba 9 2024 Comissao PAD<\/a> <strong><a href=\"http:\/\/www.crtrsc.com.br\/transparencia\/wp-content\/uploads\/2024\/06\/PORTARIA-No-9-2024-Comissao-PAD.pdf\">Baixar<\/a><\/strong><\/h6>\r\n<p><strong><a href=\"http:\/\/www.crtrsc.com.br\/transparencia\/wp-content\/uploads\/2024\/07\/PORTARIA-No-7-DE-10-DE-ABRIL-DE-2024-COREFI-11a-REGIAO.pdf\">PORTARIA N\u00ba 7, DE 10 DE ABRIL DE 2024 &#8211; COREFI 11\u00aa REGI\u00c3O<\/a>\u00a0 <a href=\"http:\/\/www.crtrsc.com.br\/transparencia\/wp-content\/uploads\/2024\/07\/PORTARIA-No-7-DE-10-DE-ABRIL-DE-2024-COREFI-11a-REGIAO.pdf\">Baixar<\/a><\/strong><\/p>\r\n<p><strong><a href=\"http:\/\/www.crtrsc.com.br\/transparencia\/wp-content\/uploads\/2024\/07\/PORTARIA-CONTER-108-2024-RECOMPOR-DIRETORIA-CRTR-11.pdf\">PORTARIA CONTER 108 2024 &#8211; RECOMPOR DIRETORIA CRTR 11<\/a> <a href=\"http:\/\/www.crtrsc.com.br\/transparencia\/wp-content\/uploads\/2024\/07\/PORTARIA-CONTER-108-2024-RECOMPOR-DIRETORIA-CRTR-11.pdf\">Baixar<\/a><\/strong><\/p>\r\n<p><strong><a href=\"http:\/\/www.crtrsc.com.br\/transparencia\/wp-content\/uploads\/2024\/07\/PORTARIA-No-6-DE-10-DE-ABRIL-DE-2024-PORTARIA-No-6-DE-10-DE-ABRIL-DE-2024-DOU-Imprensa-Naciona.pdf\">PORTARIA N\u00ba 6, DE 10 DE ABRIL DE 2024 &#8211; PORTARIA N\u00ba 6, DE 10 DE ABRIL DE 2024 &#8211; DOU &#8211; Imprensa Naciona <\/a><a href=\"http:\/\/www.crtrsc.com.br\/transparencia\/wp-content\/uploads\/2024\/07\/PORTARIA-No-6-DE-10-DE-ABRIL-DE-2024-PORTARIA-No-6-DE-10-DE-ABRIL-DE-2024-DOU-Imprensa-Naciona.pdf\">Baixar<\/a><\/strong><\/p>\r\n<p><strong> <a href=\"http:\/\/www.crtrsc.com.br\/transparencia\/wp-content\/uploads\/2024\/07\/PORTARIA-No-7-DE-10-DE-ABRIL-DE-2024-PORTARIA-No-7-DE-10-DE-ABRIL-DE-2024-DOU-Imprensa-Naciona.pdf\">PORTARIA N\u00ba 7, DE 10 DE ABRIL DE 2024 &#8211; PORTARIA N\u00ba 7, DE 10 DE ABRIL DE 2024 &#8211; DOU &#8211; Imprensa Naciona Baixar<\/a><\/strong><\/p>\r\n<h6><a href=\"http:\/\/www.crtrsc.com.br\/transparencia\/wp-content\/uploads\/2024\/08\/PORTARIA-No-13-2024-Sindicancia-001-2024.pdf\">PORTARIA N\u00ba 13 2024 Sindic\u00e2ncia 001-2024<\/a> <a href=\"http:\/\/www.crtrsc.com.br\/transparencia\/wp-content\/uploads\/2024\/08\/PORTARIA-No-13-2024-Sindicancia-001-2024.pdf\">&#8211; Baixar<\/a><\/h6>\r\n<p><strong><a href=\"http:\/\/www.crtrsc.com.br\/transparencia\/wp-content\/uploads\/2024\/08\/PORTARIA-No-14-2024-Comissao-Interna-de-Coibicao-de-Assedio-Moral-e-Sexual.pdf\">PORTARIA N\u00ba 14 2024 Comiss\u00e3o Interna de Coibi\u00e7\u00e3o de Ass\u00e9dio Moral e Sexual &#8211; Baixar<\/a><\/strong><\/p>\r\n\r\n\r\n\r\n<p><strong><a href=\"http:\/\/www.crtrsc.com.br\/transparencia\/wp-content\/uploads\/2024\/09\/RESOLUCAO-CONTER-No-6-DE-16-DE-SETEMBRO-DE-2024-RESOLUCAO-CONTER-No-6-DE-16-DE-SETEMBRO-DE-2024-DOU-Imprensa-Nacional.pdf\">RESOLU\u00c7\u00c3O CONTER N\u00ba 6, DE 16 DE SETEMBRO DE 2024 &#8211; RESOLU\u00c7\u00c3O CONTER N\u00ba 6, DE 16 DE SETEMBRO DE 2024 &#8211; DOU &#8211; Imprensa Nacional &#8211; Baixar<\/a><\/strong><\/p>\r\n","protected":false},"excerpt":{"rendered":"<p>RESOLU\u00c7\u00c3O CONTER N\u00ba 6, DE 16 DE SETEMBRO DE 2024 &#8211; RESOLU\u00c7\u00c3O CONTER N\u00ba 6, DE 16 DE SETEMBRO DE 2024 &#8211; DOU &#8211; Imprensa Nacional &#8211; Baixar<\/p>\n","protected":false},"author":1,"featured_media":0,"parent":0,"menu_order":0,"comment_status":"closed","ping_status":"closed","template":"","meta":[],"_links":{"self":[{"href":"http:\/\/www.crtrsc.com.br\/transparencia\/wp-json\/wp\/v2\/pages\/415"}],"collection":[{"href":"http:\/\/www.crtrsc.com.br\/transparencia\/wp-json\/wp\/v2\/pages"}],"about":[{"href":"http:\/\/www.crtrsc.com.br\/transparencia\/wp-json\/wp\/v2\/types\/page"}],"author":[{"embeddable":true,"href":"http:\/\/www.crtrsc.com.br\/transparencia\/wp-json\/wp\/v2\/users\/1"}],"replies":[{"embeddable":true,"href":"http:\/\/www.crtrsc.com.br\/transparencia\/wp-json\/wp\/v2\/comments?post=415"}],"version-history":[{"count":40,"href":"http:\/\/www.crtrsc.com.br\/transparencia\/wp-json\/wp\/v2\/pages\/415\/revisions"}],"predecessor-version":[{"id":3847,"href":"http:\/\/www.crtrsc.com.br\/transparencia\/wp-json\/wp\/v2\/pages\/415\/revisions\/3847"}],"wp:attachment":[{"href":"http:\/\/www.crtrsc.com.br\/transparencia\/wp-json\/wp\/v2\/media?parent=415"}],"curies":[{"name":"wp","href":"https:\/\/api.w.org\/{rel}","templated":true}]}}