{"id":440,"date":"2016-07-25T18:17:09","date_gmt":"2016-07-25T18:17:09","guid":{"rendered":"http:\/\/conter.gov.br\/transparencia\/?page_id=440"},"modified":"2023-04-03T19:08:01","modified_gmt":"2023-04-03T19:08:01","slug":"relatorios-de-gestao-e-prestacao-de-contas-ao-tcu-2","status":"publish","type":"page","link":"http:\/\/www.crtrsc.com.br\/transparencia\/relatorios-de-gestao-e-prestacao-de-contas-ao-tcu-2\/","title":{"rendered":"RELAT\u00d3RIOS DE GEST\u00c3O E PRESTA\u00c7\u00c3O DE CONTAS AO TCU"},"content":{"rendered":"<p><strong><a href=\"http:\/\/www.crtrsc.com.br\/transparencia\/wp-content\/uploads\/2019\/06\/Relatorio-de-gestao-do-exercicio-2016.pdf\">Relat\u00f3rio de gest\u00e3o do exerc\u00edcio &#8211; 2016<\/a><\/strong><\/p>\r\n<p><strong><a href=\"http:\/\/www.crtrsc.com.br\/transparencia\/wp-content\/uploads\/2019\/06\/Relatorio-de-gestao-do-exercicio-2017-1.pdf\">Relat\u00f3rio de gest\u00e3o do exerc\u00edcio &#8211; 2017<\/a><\/strong><\/p>\r\n<p><strong><a href=\"http:\/\/www.crtrsc.com.br\/transparencia\/wp-content\/uploads\/2019\/06\/RELATORIO-DE-GESTAO-TCU-2018.pdf\">Relat\u00f3rio de gest\u00e3o do exerc\u00edcio &#8211; 2018<\/a><\/strong><\/p>\r\n<p><strong><a href=\"http:\/\/www.crtrsc.com.br\/transparencia\/wp-content\/uploads\/2019\/06\/RECIBO-TCU-PREST.-CONTAS-2018.pdf\">Recibo TCU &#8211; Presta\u00e7\u00e3o de Contas &#8211; 2018<\/a><\/strong><\/p>\r\n<p><strong><a href=\"http:\/\/www.crtrsc.com.br\/transparencia\/wp-content\/uploads\/2021\/01\/TCU_unificado-CRTR-11-2019.pdf\">Relat\u00f3rio de gest\u00e3o do exerc\u00edcio &#8211; 2019<\/a><\/strong><\/p>\r\n<p><strong><a href=\"http:\/\/www.crtrsc.com.br\/transparencia\/wp-content\/uploads\/2021\/01\/DocumentoReciboRelatorioGestao-2019-1.pdf\">Recibo TCU &#8211; Presta\u00e7\u00e3o de Contas &#8211; 2019<\/a><\/strong><\/p>\r\n\r\n<p><strong><a href=\"http:\/\/www.crtrsc.com.br\/transparencia\/wp-content\/uploads\/2021\/05\/PRESTA\u00c7\u00c3O-DE-CONTAS-CRTR-11-2020-FINALIZADO.pdf\">Relat\u00f3rio de gest\u00e3o do exerc\u00edcio &#8211; 2020<\/a><\/strong><\/p>\r\n<p><a href=\"http:\/\/www.crtrsc.com.br\/transparencia\/wp-content\/uploads\/2023\/04\/RELATORIO-DE-GESTAO-CRTR-11-2021.pdf\"><strong>Relat\u00f3rio de gest\u00e3o do exerc\u00edcio &#8211; 2021<\/strong><\/a><\/p>\r\n<p><strong><a href=\"http:\/\/www.crtrsc.com.br\/transparencia\/wp-content\/uploads\/2023\/04\/RELATORIO-DE-GESTAO-CRTR-11-2022.pdf\">Relat\u00f3rio de gest\u00e3o do exerc\u00edcio &#8211; 2022<\/a><\/strong><\/p>\r\n","protected":false},"excerpt":{"rendered":"<p>Relat\u00f3rio de gest\u00e3o do exerc\u00edcio &#8211; 2016 Relat\u00f3rio de gest\u00e3o do exerc\u00edcio &#8211; 2017 Relat\u00f3rio de gest\u00e3o do exerc\u00edcio &#8211; 2018 Recibo TCU &#8211; Presta\u00e7\u00e3o de Contas &#8211; 2018 Relat\u00f3rio de gest\u00e3o do exerc\u00edcio &#8211; 2019 Recibo TCU &#8211; Presta\u00e7\u00e3o de Contas &#8211; 2019 Relat\u00f3rio de gest\u00e3o do exerc\u00edcio &#8211; 2020 Relat\u00f3rio de gest\u00e3o do &hellip; <a href=\"http:\/\/www.crtrsc.com.br\/transparencia\/relatorios-de-gestao-e-prestacao-de-contas-ao-tcu-2\/\" class=\"more-link\">Continue lendo <span class=\"screen-reader-text\">RELAT\u00d3RIOS DE GEST\u00c3O E PRESTA\u00c7\u00c3O DE CONTAS AO TCU<\/span> <span class=\"meta-nav\">&rarr;<\/span><\/a><\/p>\n","protected":false},"author":1,"featured_media":0,"parent":0,"menu_order":0,"comment_status":"closed","ping_status":"closed","template":"","meta":[],"_links":{"self":[{"href":"http:\/\/www.crtrsc.com.br\/transparencia\/wp-json\/wp\/v2\/pages\/440"}],"collection":[{"href":"http:\/\/www.crtrsc.com.br\/transparencia\/wp-json\/wp\/v2\/pages"}],"about":[{"href":"http:\/\/www.crtrsc.com.br\/transparencia\/wp-json\/wp\/v2\/types\/page"}],"author":[{"embeddable":true,"href":"http:\/\/www.crtrsc.com.br\/transparencia\/wp-json\/wp\/v2\/users\/1"}],"replies":[{"embeddable":true,"href":"http:\/\/www.crtrsc.com.br\/transparencia\/wp-json\/wp\/v2\/comments?post=440"}],"version-history":[{"count":21,"href":"http:\/\/www.crtrsc.com.br\/transparencia\/wp-json\/wp\/v2\/pages\/440\/revisions"}],"predecessor-version":[{"id":3694,"href":"http:\/\/www.crtrsc.com.br\/transparencia\/wp-json\/wp\/v2\/pages\/440\/revisions\/3694"}],"wp:attachment":[{"href":"http:\/\/www.crtrsc.com.br\/transparencia\/wp-json\/wp\/v2\/media?parent=440"}],"curies":[{"name":"wp","href":"https:\/\/api.w.org\/{rel}","templated":true}]}}