{"id":56,"date":"2016-06-11T20:02:42","date_gmt":"2016-06-11T20:02:42","guid":{"rendered":"http:\/\/conter.gov.br\/transparencia\/?page_id=56"},"modified":"2019-04-29T17:24:06","modified_gmt":"2019-04-29T17:24:06","slug":"fale-conosco","status":"publish","type":"page","link":"http:\/\/www.crtrsc.com.br\/transparencia\/fale-conosco\/","title":{"rendered":"FALE CONOSCO"},"content":{"rendered":"\n<p><a href=\"http:\/\/www.crtrsc.com.br\/transparencia\/duvidas-frequentes\/\"><strong>D\u00favidas Frequentes  <\/strong><\/a><strong>       <\/strong>                                                                                                                     <\/p>\n\n\n\n<p><a href=\"http:\/\/www.crtrsc.com.br\/transparencia\/informacoes-sigilosas\/\"><strong>Informa\u00e7\u00f5es Sigilosas<\/strong><\/a><\/p>\n\n\n\n<p><a href=\"http:\/\/www.crtrsc.com.br\/transparencia\/e-sic\/\"><strong>E-Sic<\/strong><\/a><\/p>\n\n\n\n<p><a href=\"http:\/\/www.crtrsc.com.br\/transparencia\/ouvidoria\/\"><strong>Ouvidoria<\/strong><\/a><\/p>\n\n\n\n<p><a href=\"http:\/\/www.crtrsc.com.br\/transparencia\/denuncia\/\"><strong>Den\u00fancia<\/strong><\/a><\/p>\n","protected":false},"excerpt":{"rendered":"<p>D\u00favidas Frequentes Informa\u00e7\u00f5es Sigilosas E-Sic Ouvidoria Den\u00fancia<\/p>\n","protected":false},"author":1,"featured_media":0,"parent":0,"menu_order":0,"comment_status":"closed","ping_status":"closed","template":"","meta":[],"_links":{"self":[{"href":"http:\/\/www.crtrsc.com.br\/transparencia\/wp-json\/wp\/v2\/pages\/56"}],"collection":[{"href":"http:\/\/www.crtrsc.com.br\/transparencia\/wp-json\/wp\/v2\/pages"}],"about":[{"href":"http:\/\/www.crtrsc.com.br\/transparencia\/wp-json\/wp\/v2\/types\/page"}],"author":[{"embeddable":true,"href":"http:\/\/www.crtrsc.com.br\/transparencia\/wp-json\/wp\/v2\/users\/1"}],"replies":[{"embeddable":true,"href":"http:\/\/www.crtrsc.com.br\/transparencia\/wp-json\/wp\/v2\/comments?post=56"}],"version-history":[{"count":3,"href":"http:\/\/www.crtrsc.com.br\/transparencia\/wp-json\/wp\/v2\/pages\/56\/revisions"}],"predecessor-version":[{"id":3343,"href":"http:\/\/www.crtrsc.com.br\/transparencia\/wp-json\/wp\/v2\/pages\/56\/revisions\/3343"}],"wp:attachment":[{"href":"http:\/\/www.crtrsc.com.br\/transparencia\/wp-json\/wp\/v2\/media?parent=56"}],"curies":[{"name":"wp","href":"https:\/\/api.w.org\/{rel}","templated":true}]}}