{"id":6,"date":"2016-06-11T18:42:43","date_gmt":"2016-06-11T18:42:43","guid":{"rendered":"http:\/\/conter.gov.br\/transparencia\/?page_id=6"},"modified":"2019-08-08T12:21:25","modified_gmt":"2019-08-08T12:21:25","slug":"institucional","status":"publish","type":"page","link":"http:\/\/www.crtrsc.com.br\/transparencia\/institucional\/","title":{"rendered":"INSTITUCIONAL"},"content":{"rendered":"<p><a href=\"http:\/\/www.crtrsc.com.br\/transparencia\/nossa-historia\/\"><strong>Nossa Hist\u00f3ria <\/strong><\/a><\/p>\n<p><strong><a href=\"http:\/\/www.crtrsc.com.br\/transparencia\/organograma-2\/\">Organograma<\/a><\/strong><\/p>\n<p><a href=\"http:\/\/www.crtrsc.com.br\/transparencia\/diretoria\/\"><strong>Diretoria<\/strong><\/a><\/p>\n<p><a href=\"http:\/\/www.crtrsc.com.br\/transparencia\/corefi\/\"><strong>Corefi<\/strong><\/a><\/p>\n<p><a href=\"http:\/\/www.crtrsc.com.br\/transparencia\/cored\/\"><strong>Cored<\/strong><\/a><\/p>\n<p><strong><a href=\"http:\/\/www.crtrsc.com.br\/transparencia\/galeria-dos-presidentes\/\">Galeria dos Presidentes<\/a><\/strong><\/p>\n<p><a href=\"http:\/\/www.crtrsc.com.br\/transparencia\/manuais\/\"><strong>Manuais<\/strong><\/a><\/p>\n<p><a href=\"http:\/\/www.crtrsc.com.br\/transparencia\/atas-plenarias-ordinarias-e-extraordinarias\/\"><strong>Atas Plen\u00e1rias &#8211; Ordin\u00e1rias e Extraordin\u00e1rias<\/strong><\/a><\/p>\n<p><a href=\"http:\/\/www.crtrsc.com.br\/transparencia\/conselheiros-do-conter\/\"><strong>Conselheiros do CONTER<\/strong><\/a><\/p>\n","protected":false},"excerpt":{"rendered":"<p>Nossa Hist\u00f3ria Organograma Diretoria Corefi Cored Galeria dos Presidentes Manuais Atas Plen\u00e1rias &#8211; Ordin\u00e1rias e Extraordin\u00e1rias Conselheiros do CONTER<\/p>\n","protected":false},"author":1,"featured_media":0,"parent":0,"menu_order":0,"comment_status":"closed","ping_status":"closed","template":"","meta":[],"_links":{"self":[{"href":"http:\/\/www.crtrsc.com.br\/transparencia\/wp-json\/wp\/v2\/pages\/6"}],"collection":[{"href":"http:\/\/www.crtrsc.com.br\/transparencia\/wp-json\/wp\/v2\/pages"}],"about":[{"href":"http:\/\/www.crtrsc.com.br\/transparencia\/wp-json\/wp\/v2\/types\/page"}],"author":[{"embeddable":true,"href":"http:\/\/www.crtrsc.com.br\/transparencia\/wp-json\/wp\/v2\/users\/1"}],"replies":[{"embeddable":true,"href":"http:\/\/www.crtrsc.com.br\/transparencia\/wp-json\/wp\/v2\/comments?post=6"}],"version-history":[{"count":10,"href":"http:\/\/www.crtrsc.com.br\/transparencia\/wp-json\/wp\/v2\/pages\/6\/revisions"}],"predecessor-version":[{"id":3426,"href":"http:\/\/www.crtrsc.com.br\/transparencia\/wp-json\/wp\/v2\/pages\/6\/revisions\/3426"}],"wp:attachment":[{"href":"http:\/\/www.crtrsc.com.br\/transparencia\/wp-json\/wp\/v2\/media?parent=6"}],"curies":[{"name":"wp","href":"https:\/\/api.w.org\/{rel}","templated":true}]}}