{"id":79,"date":"2016-06-12T14:34:30","date_gmt":"2016-06-12T14:34:30","guid":{"rendered":"http:\/\/conter.gov.br\/transparencia\/?page_id=79"},"modified":"2019-02-14T17:05:03","modified_gmt":"2019-02-14T17:05:03","slug":"manuais","status":"publish","type":"page","link":"http:\/\/www.crtrsc.com.br\/transparencia\/manuais\/","title":{"rendered":"MANUAIS"},"content":{"rendered":"\n<div class=\"wp-block-file\"><a href=\"http:\/\/www.crtrsc.com.br\/transparencia\/wp-content\/uploads\/2019\/02\/manualdefiscalizacao.pdf\">MANUAL DE FISCALIZA\u00c7\u00c3O<\/a><a href=\"http:\/\/www.crtrsc.com.br\/transparencia\/wp-content\/uploads\/2019\/02\/manualdefiscalizacao.pdf\" class=\"wp-block-file__button\" download>Baixar<\/a><\/div>\n\n\n\n<div class=\"wp-block-file\"><a href=\"http:\/\/www.crtrsc.com.br\/transparencia\/wp-content\/uploads\/2019\/02\/NR-32-Seguran\u00e7a-e-Sa\u00fade-no-Trabalho-em-Servi\u00e7os-de-Sa\u00fade.pdf\">NR 32 &#8211; Seguran\u00e7a e Sa\u00fade no Trabalho em Servi\u00e7os de Sa\u00fade<\/a><a href=\"http:\/\/www.crtrsc.com.br\/transparencia\/wp-content\/uploads\/2019\/02\/NR-32-Seguran\u00e7a-e-Sa\u00fade-no-Trabalho-em-Servi\u00e7os-de-Sa\u00fade.pdf\" class=\"wp-block-file__button\" download>Baixar<\/a><\/div>\n\n\n\n<div class=\"wp-block-file\"><a href=\"http:\/\/www.crtrsc.com.br\/transparencia\/wp-content\/uploads\/2019\/02\/C\u00d3DIGO-DE-PROCESSO-ADMINISTRATIVO-DO-SISTEMA-CONTERCRTRs-\u20132-EDI\u00c7\u00c3O.pdf\">C\u00d3DIGO DE PROCESSO ADMINISTRATIVO <\/a><a href=\"http:\/\/www.crtrsc.com.br\/transparencia\/wp-content\/uploads\/2019\/02\/C\u00d3DIGO-DE-PROCESSO-ADMINISTRATIVO-DO-SISTEMA-CONTERCRTRs-\u20132-EDI\u00c7\u00c3O.pdf\" class=\"wp-block-file__button\" download>Baixar<\/a><\/div>\n\n\n\n<p><\/p>\n","protected":false},"excerpt":{"rendered":"","protected":false},"author":1,"featured_media":0,"parent":0,"menu_order":0,"comment_status":"closed","ping_status":"closed","template":"","meta":[],"_links":{"self":[{"href":"http:\/\/www.crtrsc.com.br\/transparencia\/wp-json\/wp\/v2\/pages\/79"}],"collection":[{"href":"http:\/\/www.crtrsc.com.br\/transparencia\/wp-json\/wp\/v2\/pages"}],"about":[{"href":"http:\/\/www.crtrsc.com.br\/transparencia\/wp-json\/wp\/v2\/types\/page"}],"author":[{"embeddable":true,"href":"http:\/\/www.crtrsc.com.br\/transparencia\/wp-json\/wp\/v2\/users\/1"}],"replies":[{"embeddable":true,"href":"http:\/\/www.crtrsc.com.br\/transparencia\/wp-json\/wp\/v2\/comments?post=79"}],"version-history":[{"count":5,"href":"http:\/\/www.crtrsc.com.br\/transparencia\/wp-json\/wp\/v2\/pages\/79\/revisions"}],"predecessor-version":[{"id":3112,"href":"http:\/\/www.crtrsc.com.br\/transparencia\/wp-json\/wp\/v2\/pages\/79\/revisions\/3112"}],"wp:attachment":[{"href":"http:\/\/www.crtrsc.com.br\/transparencia\/wp-json\/wp\/v2\/media?parent=79"}],"curies":[{"name":"wp","href":"https:\/\/api.w.org\/{rel}","templated":true}]}}