{"id":81,"date":"2016-06-12T14:34:42","date_gmt":"2016-06-12T14:34:42","guid":{"rendered":"http:\/\/conter.gov.br\/transparencia\/?page_id=81"},"modified":"2020-09-29T13:41:38","modified_gmt":"2020-09-29T13:41:38","slug":"atas-plenarias-ordinarias-e-extraordinarias","status":"publish","type":"page","link":"http:\/\/www.crtrsc.com.br\/transparencia\/atas-plenarias-ordinarias-e-extraordinarias\/","title":{"rendered":"ATAS PLEN\u00c1RIAS"},"content":{"rendered":"\n<h3 class=\"wp-block-heading\">Reuni\u00f5es Ordin\u00e1rias<\/h3>\n\n\n\n<div class=\"wp-block-file\"><a href=\"http:\/\/www.crtrsc.com.br\/transparencia\/wp-content\/uploads\/2019\/04\/Reuni\u00f5es-Ordin\u00e1rias-2017.pdf\">Reuni\u00f5es Ordin\u00e1rias 2017<\/a><a href=\"http:\/\/www.crtrsc.com.br\/transparencia\/wp-content\/uploads\/2019\/04\/Reuni\u00f5es-Ordin\u00e1rias-2017.pdf\" class=\"wp-block-file__button\" download>Baixar<\/a><\/div>\n\n\n\n<div class=\"wp-block-file\"><a href=\"http:\/\/www.crtrsc.com.br\/transparencia\/wp-content\/uploads\/2019\/04\/Reuni\u00f5es-Ordin\u00e1rias-2018.pdf\">Reuni\u00f5es Ordin\u00e1rias 2018<\/a><a href=\"http:\/\/www.crtrsc.com.br\/transparencia\/wp-content\/uploads\/2019\/04\/Reuni\u00f5es-Ordin\u00e1rias-2018.pdf\" class=\"wp-block-file__button\" download>Baixar<\/a><\/div>\n\n\n\n<div class=\"wp-block-file\"><a href=\"http:\/\/www.crtrsc.com.br\/transparencia\/wp-content\/uploads\/2019\/04\/Reuni\u00f5es-Ordin\u00e1rias-2019.pdf\">Reuni\u00f5es Ordin\u00e1rias &#8211; Janeiro a Mar\u00e7o de 2019<\/a><a href=\"http:\/\/www.crtrsc.com.br\/transparencia\/wp-content\/uploads\/2019\/04\/Reuni\u00f5es-Ordin\u00e1rias-2019.pdf\" class=\"wp-block-file__button\" download>Baixar<\/a><\/div>\n\n\n\n<div class=\"wp-block-file\"><a href=\"http:\/\/www.crtrsc.com.br\/transparencia\/wp-content\/uploads\/2019\/08\/ROD-DE-10-04-2019-A-09-07-2019.pdf\">Reuni\u00f5es Ordin\u00e1rias &#8211; Abril a Julho de 2019<\/a><a href=\"http:\/\/www.crtrsc.com.br\/transparencia\/wp-content\/uploads\/2019\/08\/ROD-DE-10-04-2019-A-09-07-2019.pdf\" class=\"wp-block-file__button\" download>Baixar<\/a><\/div>\n\n\n\n<h3 class=\"wp-block-heading\">Reuni\u00f5es Extraordin\u00e1rias<\/h3>\n\n\n\n<div class=\"wp-block-file\"><a href=\"http:\/\/www.crtrsc.com.br\/transparencia\/wp-content\/uploads\/2019\/04\/Reuni\u00f5es-Extraordin\u00e1rias-2017.pdf\">Reuni\u00f5es Extraordin\u00e1rias 2017<\/a><a href=\"http:\/\/www.crtrsc.com.br\/transparencia\/wp-content\/uploads\/2019\/04\/Reuni\u00f5es-Extraordin\u00e1rias-2017.pdf\" class=\"wp-block-file__button\" download>Baixar<\/a><\/div>\n\n\n\n<div class=\"wp-block-file\"><a href=\"http:\/\/www.crtrsc.com.br\/transparencia\/wp-content\/uploads\/2019\/04\/Reuni\u00f5es-Extraordin\u00e1rias-2018.pdf\">Reuni\u00f5es Extraordin\u00e1rias 2018<\/a><a href=\"http:\/\/www.crtrsc.com.br\/transparencia\/wp-content\/uploads\/2019\/04\/Reuni\u00f5es-Extraordin\u00e1rias-2018.pdf\" class=\"wp-block-file__button\" download>Baixar<\/a><\/div>\n\n\n\n<div class=\"wp-block-file\"><a href=\"http:\/\/www.crtrsc.com.br\/transparencia\/wp-content\/uploads\/2019\/04\/Reuni\u00f5es-Extraordin\u00e1rias-2019.pdf\">Reuni\u00f5es Extraordin\u00e1rias &#8211; Janeiro a Mar\u00e7o de 2019<\/a><a href=\"http:\/\/www.crtrsc.com.br\/transparencia\/wp-content\/uploads\/2019\/04\/Reuni\u00f5es-Extraordin\u00e1rias-2019.pdf\" class=\"wp-block-file__button\" download>Baixar<\/a><\/div>\n\n\n\n<div class=\"wp-block-file\"><a href=\"http:\/\/www.crtrsc.com.br\/transparencia\/wp-content\/uploads\/2019\/08\/RED-DE-23-04-2019-A-26-07-2019.pdf\">Reuni\u00f5es Extraordin\u00e1rias &#8211; Abril a Julho de 2019<\/a><a href=\"http:\/\/www.crtrsc.com.br\/transparencia\/wp-content\/uploads\/2019\/08\/RED-DE-23-04-2019-A-26-07-2019.pdf\" class=\"wp-block-file__button\" download>Baixar<\/a><\/div>\n\n\n\n<h3 class=\"wp-block-heading\">Reuni\u00f5es Plen\u00e1rias<\/h3>\n\n\n\n<div class=\"wp-block-file\"><a href=\"http:\/\/www.crtrsc.com.br\/transparencia\/wp-content\/uploads\/2019\/04\/Reuni\u00f5es-Plen\u00e1rias-2017.pdf\">Reuni\u00f5es Plen\u00e1rias 2017<\/a><a href=\"http:\/\/www.crtrsc.com.br\/transparencia\/wp-content\/uploads\/2019\/04\/Reuni\u00f5es-Plen\u00e1rias-2017.pdf\" class=\"wp-block-file__button\" download>Baixar<\/a><\/div>\n\n\n\n<div class=\"wp-block-file\"><a href=\"http:\/\/www.crtrsc.com.br\/transparencia\/wp-content\/uploads\/2019\/04\/Reuni\u00f5es-Plen\u00e1rias-2018-Fevereiro.pdf\">Reuni\u00f5es Plen\u00e1rias 2018 Fevereiro<\/a><a href=\"http:\/\/www.crtrsc.com.br\/transparencia\/wp-content\/uploads\/2019\/04\/Reuni\u00f5es-Plen\u00e1rias-2018-Fevereiro.pdf\" class=\"wp-block-file__button\" download>Baixar<\/a><\/div>\n\n\n\n<div class=\"wp-block-file\"><a href=\"http:\/\/www.crtrsc.com.br\/transparencia\/wp-content\/uploads\/2019\/04\/Reuni\u00f5es-Plen\u00e1rias-2018-Agosto.pdf\">Reuni\u00f5es Plen\u00e1rias 2018 Agosto<\/a><a href=\"http:\/\/www.crtrsc.com.br\/transparencia\/wp-content\/uploads\/2019\/04\/Reuni\u00f5es-Plen\u00e1rias-2018-Agosto.pdf\" class=\"wp-block-file__button\" download>Baixar<\/a><\/div>\n\n\n\n<div class=\"wp-block-file\"><a href=\"http:\/\/www.crtrsc.com.br\/transparencia\/wp-content\/uploads\/2019\/04\/Reuni\u00f5es-Plen\u00e1rias-2018-Novembro.pdf\">Reuni\u00f5es Plen\u00e1rias 2018 Novembro<\/a><a href=\"http:\/\/www.crtrsc.com.br\/transparencia\/wp-content\/uploads\/2019\/04\/Reuni\u00f5es-Plen\u00e1rias-2018-Novembro.pdf\" class=\"wp-block-file__button\" download>Baixar<\/a><\/div>\n\n\n\n<div class=\"wp-block-file\"><a href=\"http:\/\/www.crtrsc.com.br\/transparencia\/wp-content\/uploads\/2019\/04\/Reuni\u00f5es-Plen\u00e1rias-2019.pdf\"> <br>Ata-da-71\u00b0-reuni\u00e3o-ordin\u00e1ria-9-fev-de-2019<\/a><a href=\"http:\/\/www.crtrsc.com.br\/transparencia\/wp-content\/uploads\/2019\/04\/Reuni\u00f5es-Plen\u00e1rias-2019.pdf\" class=\"wp-block-file__button\" download>Baixar<\/a><\/div>\n\n\n\n<div class=\"wp-block-file\"><a href=\"http:\/\/www.crtrsc.com.br\/transparencia\/wp-content\/uploads\/2020\/09\/Ata-da-72\u00b0-reuni\u00e3o-ordin\u00e1ria-29-julho-de-2019.pdf\">Ata-da-72\u00b0-reuni\u00e3o-ordin\u00e1ria-29-julho-de-2019<\/a><a href=\"http:\/\/www.crtrsc.com.br\/transparencia\/wp-content\/uploads\/2020\/09\/Ata-da-72\u00b0-reuni\u00e3o-ordin\u00e1ria-29-julho-de-2019.pdf\" class=\"wp-block-file__button\" download>Baixar<\/a><\/div>\n\n\n\n<div class=\"wp-block-file\"><a href=\"http:\/\/www.crtrsc.com.br\/transparencia\/wp-content\/uploads\/2020\/09\/Ata-da-73\u00b0-reuni\u00e3o-ordin\u00e1ria-14-set-de-2019.pdf\">Ata-da-73\u00b0-reuni\u00e3o-ordin\u00e1ria-14-set-de-2019<\/a><a href=\"http:\/\/www.crtrsc.com.br\/transparencia\/wp-content\/uploads\/2020\/09\/Ata-da-73\u00b0-reuni\u00e3o-ordin\u00e1ria-14-set-de-2019.pdf\" class=\"wp-block-file__button\" download>Baixar<\/a><\/div>\n\n\n\n<div class=\"wp-block-file\"><a href=\"http:\/\/www.crtrsc.com.br\/transparencia\/wp-content\/uploads\/2020\/09\/Ata-da-74\u00b0-reuni\u00e3o-ordin\u00e1ria-15-fev-de-2020.pdf\">Ata-da-74\u00b0-reuni\u00e3o-ordin\u00e1ria-15-fev-de-2020<\/a><a href=\"http:\/\/www.crtrsc.com.br\/transparencia\/wp-content\/uploads\/2020\/09\/Ata-da-74\u00b0-reuni\u00e3o-ordin\u00e1ria-15-fev-de-2020.pdf\" class=\"wp-block-file__button\" download>Baixar<\/a><\/div>\n\n\n\n<div class=\"wp-block-file\"><a href=\"http:\/\/www.crtrsc.com.br\/transparencia\/wp-content\/uploads\/2020\/04\/CRTR11_ATA-DE-POSSE.pdf\">Ata-da-75\u00b0-reuni\u00e3o-ordin\u00e1ria-14-abril-de-2020<\/a><a href=\"http:\/\/www.crtrsc.com.br\/transparencia\/wp-content\/uploads\/2020\/04\/CRTR11_ATA-DE-POSSE.pdf\" class=\"wp-block-file__button\" download>Baixar<\/a><\/div>\n\n\n\n<div class=\"wp-block-file\"><a href=\"http:\/\/www.crtrsc.com.br\/transparencia\/wp-content\/uploads\/2020\/09\/Ata-da-76\u00b0-reuni\u00e3o-ordin\u00e1ria-12-setembro-de-2020.pdf\">Ata-da-76\u00b0-reuni\u00e3o-ordin\u00e1ria-12-setembro-de-2020<\/a><a href=\"http:\/\/www.crtrsc.com.br\/transparencia\/wp-content\/uploads\/2020\/09\/Ata-da-76\u00b0-reuni\u00e3o-ordin\u00e1ria-12-setembro-de-2020.pdf\" class=\"wp-block-file__button\" download>Baixar<\/a><\/div>\n","protected":false},"excerpt":{"rendered":"<p>Reuni\u00f5es Ordin\u00e1rias Reuni\u00f5es Extraordin\u00e1rias Reuni\u00f5es Plen\u00e1rias<\/p>\n","protected":false},"author":1,"featured_media":0,"parent":0,"menu_order":0,"comment_status":"closed","ping_status":"closed","template":"","meta":[],"_links":{"self":[{"href":"http:\/\/www.crtrsc.com.br\/transparencia\/wp-json\/wp\/v2\/pages\/81"}],"collection":[{"href":"http:\/\/www.crtrsc.com.br\/transparencia\/wp-json\/wp\/v2\/pages"}],"about":[{"href":"http:\/\/www.crtrsc.com.br\/transparencia\/wp-json\/wp\/v2\/types\/page"}],"author":[{"embeddable":true,"href":"http:\/\/www.crtrsc.com.br\/transparencia\/wp-json\/wp\/v2\/users\/1"}],"replies":[{"embeddable":true,"href":"http:\/\/www.crtrsc.com.br\/transparencia\/wp-json\/wp\/v2\/comments?post=81"}],"version-history":[{"count":39,"href":"http:\/\/www.crtrsc.com.br\/transparencia\/wp-json\/wp\/v2\/pages\/81\/revisions"}],"predecessor-version":[{"id":3561,"href":"http:\/\/www.crtrsc.com.br\/transparencia\/wp-json\/wp\/v2\/pages\/81\/revisions\/3561"}],"wp:attachment":[{"href":"http:\/\/www.crtrsc.com.br\/transparencia\/wp-json\/wp\/v2\/media?parent=81"}],"curies":[{"name":"wp","href":"https:\/\/api.w.org\/{rel}","templated":true}]}}